{"id":16775,"date":"2018-11-05T12:33:37","date_gmt":"2018-11-05T12:33:37","guid":{"rendered":"https:\/\/www.traductorainterprete.com\/ulteriori-informazioni-sui-cookie\/"},"modified":"2018-11-05T12:33:37","modified_gmt":"2018-11-05T12:33:37","slug":"ulteriori-informazioni-sui-cookie","status":"publish","type":"page","link":"https:\/\/www.traductorainterprete.com\/it\/ulteriori-informazioni-sui-cookie\/","title":{"rendered":"Ulteriori informazioni sui cookie"},"content":{"rendered":"<h2>Che cos&#8217;\u00e8 un biscotto?<\/h2>\n<p>\n  Un <em>cookie<\/em> \u00e8 un file di testo <b>innocuo<\/b> che viene memorizzato nel tuo browser quando visiti quasi tutti i siti web. Lo scopo del <em>cookie<\/em> \u00e8 quello di permettere al sito web di ricordare la tua visita quando torni su quella pagina. Anche se molte persone non lo sanno, i <em>cookie<\/em> sono utilizzati da 20 anni, quando sono apparsi i primi browser per il World Wide Web.\n<\/p>\n<h2>Cosa NON \u00e8 un biscotto?<\/h2>\n<p>\n  Non \u00e8 un virus, un trojan, un worm, uno spam, uno spyware o un pop-up.\n<\/p>\n<h2>Quali informazioni memorizza un <em>cookie<\/em>?<\/h2>\n<p>\n <em>I cookie<\/em> di solito non memorizzano informazioni sensibili sull \u201cutente, come ad esempio i dati della carta di credito o della banca, fotografie, documenti d\u201d identit\u00e0 o informazioni personali, ecc. I dati che memorizzano sono di natura tecnica, preferenze personali, personalizzazione dei contenuti, ecc.\n<\/p>\n<p>\n  Il server web non ti associa come persona, ma il tuo browser. Infatti, se di solito navighi con Internet Explorer e provi a navigare nello stesso sito web con Firefox o Chrome, vedrai che il web non si rende conto che sei la stessa persona perch\u00e9 in realt\u00e0 sta associando il browser, non la persona.\n<\/p>\n<h2>Quali tipi di <em>cookie<\/em> esistono?<\/h2>\n<\/p>\n<ul>\n<li><em>Cookie<\/em> tecnici: sono i pi\u00f9 elementari e permettono, tra le altre cose, di sapere quando un utente umano o un&#8217;applicazione automatizzata sta navigando, quando un utente anonimo e un utente registrato stanno navigando, operazioni fondamentali per il funzionamento di qualsiasi sito web dinamico.<\/li>\n<li><em>Cookie<\/em> di analisi: raccolgono informazioni sul tipo di navigazione che stai effettuando, sulle sezioni che utilizzi maggiormente, sui prodotti consultati, sul tempo di utilizzo, sulla lingua, ecc.<\/li>\n<li><em>Cookie<\/em> pubblicitari: mostrano pubblicit\u00e0 in base alle tue abitudini di navigazione, al tuo paese di origine, alla tua lingua, ecc.<\/li>\n<\/ul>\n<h2>Cosa sono i <em>cookie<\/em> di prima parte e di terza parte?<\/h2>\n<p>\n  I <em>cookie di prima parte<\/em> sono quelli generati dal sito web che stai visitando e i cookie <em>di terza parte<\/em> sono quelli generati da servizi o provider esterni come Facebook, Twitter, Google, ecc.\n<\/p>\n<h2>Cosa succede se disabilito i <em>cookie<\/em>?<\/h2>\n<p>\n  Per aiutarti a capire in che misura i <em>cookie<\/em> possono essere disabilitati, ecco alcuni esempi:\n\t<\/p>\n<ul>\n<li>Non puoi condividere i contenuti del sito web su Facebook, Twitter o altri social network.<\/li>\n<li>Il sito non sar\u00e0 in grado di adattare i contenuti alle tue preferenze personali, come spesso accade nei negozi online.<\/li>\n<li>Non potrai accedere all&#8217;area personale di quel sito web, come <em>Il mio account<\/em>, <em>Il mio profilo<\/em> o <em>I miei ordini<\/em>.<\/li>\n<li>Negozi online: non sar\u00e0 possibile fare acquisti online, dovrai farlo per telefono o visitando il negozio fisico, se presente.<\/li>\n<li>Non sar\u00e0 possibile personalizzare le tue preferenze geografiche come il fuso orario, la valuta o la lingua.<\/li>\n<li>Il sito non sar\u00e0 in grado di effettuare analisi web sui visitatori e sul traffico web, il che render\u00e0 difficile per il sito essere competitivo.<\/li>\n<li>Non potrai scrivere sul blog, caricare foto, inviare commenti, valutare o votare i contenuti. Inoltre, il sito non sar\u00e0 in grado di capire se sei un essere umano o un&#8217;applicazione automatica che pubblica <em>spam<\/em>. <\/li>\n<li>Non sar\u00e0 possibile visualizzare pubblicit\u00e0 mirate, il che ridurr\u00e0 i ricavi pubblicitari del sito.<\/li>\n<li>Tutti i social network utilizzano i <em>cookie<\/em>, se li disattivi non potrai utilizzare nessun social network.<\/li>\n<\/ul>\n<h2>I <em>cookie<\/em> possono essere cancellati?<\/h2>\n<p>\n  S\u00ec, non solo eliminare, ma anche bloccare, in generale o per un dominio specifico.\n<\/p>\n<p>\n  Per eliminare i <em>cookie<\/em> da un sito web devi andare nelle impostazioni del tuo browser e l\u00ec potrai cercare i cookie associati al dominio in questione ed eliminarli.\n<\/p>\n<h2 id=\"navegadores\">Impostazioni <em>dei cookie<\/em> per i browser pi\u00f9 diffusi<\/h2>\n<p>\n  Ecco come accedere a un particolare <em>cookie<\/em> nel browser <b>Chrome<\/b>. Nota: questi passaggi possono variare a seconda della versione del tuo browser:\n\t<\/p>\n<ol>\n<li>Vai su Impostazioni o Preferenze tramite il menu File o cliccando sull&#8217;icona di personalizzazione in alto a destra.<\/li>\n<li>Vedrai diverse sezioni, clicca sull&#8217;opzione <em>Mostra opzioni avanzate<\/em>.<\/li>\n<li>Vai su <em>Privacy<\/em>, <em>Impostazioni dei contenuti<\/em>.<\/li>\n<li>Seleziona <em>Tutti i <em>cookie<\/em> e i dati del sito<\/em>.<\/li>\n<li>Verr\u00e0 visualizzato un elenco di tutti i <em>cookie<\/em> ordinati per dominio. Per facilitare la ricerca dei <em>cookie<\/em> di un particolare dominio, inserisci una parte o tutto l&#8217;indirizzo nel campo <em>Trova cookie<\/em>. <\/li>\n<li>Dopo aver effettuato questo filtro, sullo schermo appariranno una o pi\u00f9 righe con i <em>cookie<\/em> del sito web richiesto. Ora non devi fare altro che selezionarle e premere <em>X<\/em> per eliminarle. <\/li>\n<\/ol>\n<p>\n  Per accedere alle impostazioni <em>dei cookie<\/em> del tuo browser <b>Internet Explorer<\/b>, segui i seguenti passaggi (che possono variare a seconda della versione del browser):\n\t<\/p>\n<ol>\n<li>Vai a <em>Strumenti<\/em>, <em>Opzioni Internet<\/em><\/li>\n<li>Clicca su <em>Privacy<\/em>.<\/li>\n<li>Muovi il cursore per impostare il livello di privacy desiderato.<\/li>\n<\/ol>\n<p>\n  Per accedere alle impostazioni <em>dei cookie<\/em> del tuo browser <b>Firefox<\/b>, segui i seguenti passaggi (che possono variare a seconda della versione del browser):\n\t<\/p>\n<ol>\n<li>Vai su <em>Opzioni<\/em> o <em>Preferenze<\/em>, a seconda del sistema operativo.<\/li>\n<li>Clicca su <em>Privacy<\/em>.<\/li>\n<li>Alla voce <em>Cronologia<\/em> scegli <em>Usa impostazioni personalizzate per la cronologia<\/em>.<\/li>\n<li>Ora vedrai l&#8217;opzione <em>Accetta i cookie<\/em>, che potrai attivare o disattivare in base alle tue preferenze.<\/li>\n<\/ol>\n<p>\n  Per accedere alle impostazioni <em>dei cookie<\/em> nel browser <b>Safari per OSX<\/b> segui i seguenti passaggi (possono variare a seconda della versione del browser):\n\t<\/p>\n<ol>\n<li>Vai su <em>Preferenze<\/em>, poi su <em>Privacy<\/em>.<\/li>\n<li>Qui vedrai l&#8217;opzione <em>Blocca i cookie<\/em> per impostare il tipo di blocco che desideri.<\/li>\n<\/ol>\n<p>\n  Per accedere alle impostazioni <em>dei cookie<\/em> nel browser <b>Safari per iOS<\/b> segui i seguenti passaggi (possono variare a seconda della versione del browser):\n\t<\/p>\n<ol>\n<li>Vai su <em>Impostazioni<\/em>, poi su <em>Safari<\/em>.<\/li>\n<li>Vai su <em>Privacy e sicurezza<\/em> e vedrai l&#8217;opzione <em>Blocca i cookie<\/em> per regolare il tipo di blocco che vuoi effettuare.<\/li>\n<\/ol>\n<p>\n  Per accedere alle impostazioni <em>dei cookie<\/em> del browser per i dispositivi <b>Android<\/b>, segui questi passaggi (che possono variare a seconda della versione del browser):\n\t<\/p>\n<ol>\n<li>Avvia il navigatore e premi il tasto <em>Menu<\/em>, quindi <em>Impostazioni<\/em>.<\/li>\n<li>Vai su <em>Sicurezza e privacy<\/em> e vedrai l&#8217;opzione <em>Accetta i cookie<\/em> per selezionare o deselezionare la casella.<\/li>\n<\/ol>\n<p>\n  Per accedere alle impostazioni <em>dei cookie<\/em> del browser per i dispositivi <b>Windows Phone<\/b>, segui i seguenti passaggi (che possono variare a seconda della versione del browser):\n\t<\/p>\n<ol>\n<li>Apri <em>Internet Explorer<\/em>, poi <em>Altro<\/em>, poi <em>Impostazioni<\/em><\/li>\n<li>Ora puoi selezionare o deselezionare la casella <em>Consenti cookie<\/em>.<\/li>\n<\/ol>\n<p>\n  Cookie Advisor \u00e8 un <a href=\"http:\/\/wordpress.org\/plugins\/asesor-cookies-para-la-ley-en-espana\/\" target=\"_blank\">plugin per WordPress<\/a> creato da Carlos Doral<a href=\"http:\/\/webartesanal.com\" target=\"_blank\">(webartesanal.com<\/a>).<\/p>\n","protected":false},"excerpt":{"rendered":"<p>Che cos&#8217;\u00e8 un biscotto? Un cookie \u00e8 un file di testo innocuo che viene memorizzato nel tuo browser quando visiti quasi tutti i siti web. Lo scopo del cookie \u00e8 quello di permettere al sito web di ricordare la tua visita quando torni su quella&#8230;<\/p>\n","protected":false},"author":2,"featured_media":0,"parent":0,"menu_order":0,"comment_status":"closed","ping_status":"closed","template":"","meta":{"footnotes":""},"class_list":["post-16775","page","type-page","status-publish","hentry"],"_links":{"self":[{"href":"https:\/\/www.traductorainterprete.com\/it\/wp-json\/wp\/v2\/pages\/16775","targetHints":{"allow":["GET"]}}],"collection":[{"href":"https:\/\/www.traductorainterprete.com\/it\/wp-json\/wp\/v2\/pages"}],"about":[{"href":"https:\/\/www.traductorainterprete.com\/it\/wp-json\/wp\/v2\/types\/page"}],"author":[{"embeddable":true,"href":"https:\/\/www.traductorainterprete.com\/it\/wp-json\/wp\/v2\/users\/2"}],"replies":[{"embeddable":true,"href":"https:\/\/www.traductorainterprete.com\/it\/wp-json\/wp\/v2\/comments?post=16775"}],"version-history":[{"count":0,"href":"https:\/\/www.traductorainterprete.com\/it\/wp-json\/wp\/v2\/pages\/16775\/revisions"}],"wp:attachment":[{"href":"https:\/\/www.traductorainterprete.com\/it\/wp-json\/wp\/v2\/media?parent=16775"}],"curies":[{"name":"wp","href":"https:\/\/api.w.org\/{rel}","templated":true}]}}