{"id":16760,"date":"2015-04-14T09:54:45","date_gmt":"2015-04-14T09:54:45","guid":{"rendered":"https:\/\/www.traductorainterprete.com\/su-di-me\/"},"modified":"2026-02-19T12:56:44","modified_gmt":"2026-02-19T12:56:44","slug":"su-di-me","status":"publish","type":"page","link":"https:\/\/www.traductorainterprete.com\/it\/su-di-me\/","title":{"rendered":"Su di me"},"content":{"rendered":"<p>[vc_row css_animation=&#8221;&#8221; row_type=&#8221;row&#8221; use_row_as_full_screen_section=&#8221;no&#8221; type=&#8221;grid&#8221; angled_section=&#8221;no&#8221; text_align=&#8221;center&#8221; background_image_as_pattern=&#8221;without_pattern&#8221; padding_top=&#8221;65&#8243; padding_bottom=&#8221;60&#8243;][vc_column offset=&#8221;vc_col-lg-offset-2 vc_col-lg-8 vc_col-md-offset-1 vc_col-md-10&#8243;][vc_single_image image=&#8221;16374&#8243; img_size=&#8221;full&#8221; alignment=&#8221;center&#8221; qode_css_animation=&#8221;&#8221;][vc_separator type=&#8221;transparent&#8221; up=&#8221;23&#8243; down=&#8221;0&#8243;][vc_column_text]<\/p>\n<h3 style=\"text-align: center;\">VERONICA GONZALEZ<\/h3>\n<p>[\/vc_column_text][vc_column_text]<\/p>\n<h1 style=\"text-align: center;\"><span style=\"color: #333333;\">TRADUTTORE E INTERPRETE<\/span><\/h1>\n<p>[\/vc_column_text][vc_separator type=&#8221;transparent&#8221; up=&#8221;15&#8243; down=&#8221;0&#8243;][vc_column_text]<\/p>\n<h4 style=\"text-align: center;\">Diploma e laurea in traduzione e interpretariato presso l&#8217;Universit\u00e0 di Granada, Bachelor of Arts in English Studies presso l&#8217;Universit\u00e0 di Portsmouth e Master in Propriet\u00e0 Industriale e Intellettuale presso l&#8217;Universit\u00e0 di Alicante.<\/h4>\n<p>[\/vc_column_text][\/vc_column][\/vc_row][vc_row css_animation=&#8221;&#8221; row_type=&#8221;row&#8221; use_row_as_full_screen_section=&#8221;no&#8221; type=&#8221;grid&#8221; angled_section=&#8221;no&#8221; text_align=&#8221;left&#8221; background_image_as_pattern=&#8221;without_pattern&#8221; z_index=&#8221;&#8221;][vc_column width=&#8221;1\/2&#8243;][qode_elements_holder number_of_columns=&#8221;two_columns&#8221;][qode_elements_holder_item advanced_animations=&#8221;no&#8221;][vc_separator type=&#8221;transparent&#8221; up=&#8221;100&#8243; down=&#8221;0&#8243;][vc_column_text]<\/p>\n<h5 style=\"text-align: left;\">SU DI ME<\/h5>\n<p>[\/vc_column_text][vc_separator type=&#8221;transparent&#8221; up=&#8221;20&#8243; down=&#8221;0&#8243;][vc_column_text]<\/p>\n<p style=\"text-align: left;\">Ho lavorato come <strong>traduttrice interna<\/strong> in un&#8217;agenzia di traduzione a Londra per 4 anni, poi ho fatto uno stage come <strong>traduttrice presso la Commissione Europea<\/strong>, fino a quando ho deciso di avviare un&#8217;agenzia di traduzione specializzata in <strong>Propriet\u00e0 Industriale (Marchi, Brevetti, Design, Diritti d&#8217;Autore)<\/strong> nella citt\u00e0 di Alicante, sede dell&#8217;EUIPO (ex UAMI).<\/p>\n<p>&nbsp;<\/p>\n<p style=\"text-align: left;\">Come specialista di PI, lavoro come traduttore giurato e interprete simultaneo e bilaterale per molti studi specializzati nazionali e internazionali.<\/p>\n<p>&nbsp;<\/p>\n<p style=\"text-align: left;\">Insegno al Magister Lvcentinvs dal 2001 e sono un collaboratore in questo campo.<\/p>\n<p>[\/vc_column_text][\/qode_elements_holder_item][\/qode_elements_holder][vc_separator type=&#8221;transparent&#8221; up=&#8221;20&#8243; down=&#8221;0&#8243;][\/vc_column][vc_column width=&#8221;1\/2&#8243;][vc_single_image image=&#8221;16440&#8243; img_size=&#8221;full&#8221; qode_css_animation=&#8221;&#8221;][\/vc_column][\/vc_row][vc_row css_animation=&#8221;&#8221; row_type=&#8221;row&#8221; use_row_as_full_screen_section=&#8221;no&#8221; type=&#8221;full_width&#8221; angled_section=&#8221;no&#8221; text_align=&#8221;left&#8221; background_image_as_pattern=&#8221;without_pattern&#8221;][vc_column][vc_separator type=&#8221;transparent&#8221; up=&#8221;100&#8243; down=&#8221;0&#8243;][\/vc_column][\/vc_row][vc_row row_type=&#8221;parallax&#8221; parallax_content_width=&#8221;in_grid&#8221; text_align=&#8221;center&#8221; background_image=&#8221;15576&#8243; full_screen_section_height=&#8221;no&#8221; section_height=&#8221;480&#8243; parallax_speed=&#8221;0&#8243;][vc_column][vc_separator type=&#8221;transparent&#8221; up=&#8221;100&#8243; down=&#8221;0&#8243;][vc_row_inner row_type=&#8221;row&#8221; type=&#8221;full_width&#8221; text_align=&#8221;center&#8221; padding_top=&#8221;95&#8243; padding_bottom=&#8221;20&#8243; css_animation=&#8221;&#8221;][vc_column_inner width=&#8221;1\/6&#8243;][vc_single_image image=&#8221;16380&#8243; qode_css_animation=&#8221;&#8221;][vc_separator type=&#8221;transparent&#8221; up=&#8221;23&#8243; down=&#8221;0&#8243;][vc_column_text]<\/p>\n<h5 style=\"text-align: center;\"><span style=\"color: #ffffff;\">Inglese<\/span><\/h5>\n<p>[\/vc_column_text][vc_separator type=&#8221;transparent&#8221; up=&#8221;50&#8243; down=&#8221;0&#8243;][\/vc_column_inner][vc_column_inner width=&#8221;1\/6&#8243;][vc_single_image image=&#8221;16383&#8243; qode_css_animation=&#8221;&#8221;][vc_separator type=&#8221;transparent&#8221; up=&#8221;23&#8243; down=&#8221;0&#8243;][vc_column_text]<\/p>\n<h5 style=\"text-align: center;\"><span style=\"color: #ffffff;\">FRANCESE<\/span><\/h5>\n<p>[\/vc_column_text][vc_separator type=&#8221;transparent&#8221; up=&#8221;50&#8243; down=&#8221;0&#8243;][\/vc_column_inner][vc_column_inner width=&#8221;1\/6&#8243;][vc_single_image image=&#8221;16386&#8243; qode_css_animation=&#8221;&#8221;][vc_separator type=&#8221;transparent&#8221; up=&#8221;23&#8243; down=&#8221;0&#8243;][vc_column_text]<\/p>\n<h5 style=\"text-align: center;\"><span style=\"color: #ffffff;\">TEDESCO<\/span><\/h5>\n<p>[\/vc_column_text][vc_separator type=&#8221;transparent&#8221; up=&#8221;50&#8243; down=&#8221;0&#8243;][\/vc_column_inner][vc_column_inner width=&#8221;1\/6&#8243;][vc_single_image image=&#8221;16389&#8243; qode_css_animation=&#8221;&#8221;][vc_separator type=&#8221;transparent&#8221; up=&#8221;23&#8243; down=&#8221;0&#8243;][vc_column_text]<\/p>\n<h5 style=\"text-align: center;\"><span style=\"color: #ffffff;\">ITALIANO<\/span><\/h5>\n<p>[\/vc_column_text][vc_separator type=&#8221;transparent&#8221; up=&#8221;50&#8243; down=&#8221;0&#8243;][\/vc_column_inner][vc_column_inner width=&#8221;1\/6&#8243;][vc_single_image image=&#8221;16392&#8243; qode_css_animation=&#8221;&#8221;][vc_separator type=&#8221;transparent&#8221; up=&#8221;23&#8243; down=&#8221;0&#8243;][vc_column_text]<\/p>\n<h5 style=\"text-align: center;\"><span style=\"color: #ffffff;\">GRECO<\/span><\/h5>\n<p>[\/vc_column_text][vc_separator type=&#8221;transparent&#8221; up=&#8221;50&#8243; down=&#8221;0&#8243;][\/vc_column_inner][vc_column_inner width=&#8221;1\/6&#8243;]<a  itemprop=\"url\" href=\"\/contacto\/\" target=\"_self\"  class=\"qbutton  white default\" style=\"\">MAGGIORI INFORMAZIONI<\/a>[\/vc_column_inner][\/vc_row_inner][\/vc_column][\/vc_row][vc_row css_animation=&#8221;&#8221; row_type=&#8221;row&#8221; use_row_as_full_screen_section=&#8221;no&#8221; type=&#8221;full_width&#8221; angled_section=&#8221;no&#8221; text_align=&#8221;left&#8221; background_image_as_pattern=&#8221;without_pattern&#8221;][vc_column][vc_separator type=&#8221;normal&#8221; up=&#8221;0&#8243; down=&#8221;0&#8243;][\/vc_column][\/vc_row][vc_row css_animation=&#8221;&#8221; row_type=&#8221;row&#8221; use_row_as_full_screen_section=&#8221;no&#8221; type=&#8221;grid&#8221; angled_section=&#8221;no&#8221; text_align=&#8221;center&#8221; background_image_as_pattern=&#8221;without_pattern&#8221; padding_top=&#8221;70&#8243;][vc_column offset=&#8221;vc_col-lg-offset-2 vc_col-lg-8 vc_col-md-offset-1 vc_col-md-10&#8243;][vc_single_image image=&#8221;16401&#8243; img_size=&#8221;full&#8221; alignment=&#8221;center&#8221; qode_css_animation=&#8221;&#8221;][vc_separator type=&#8221;transparent&#8221; up=&#8221;23&#8243; down=&#8221;0&#8243;][vc_column_text]<\/p>\n<h3 style=\"text-align: center;\">Il mio curriculum<\/h3>\n<p>[\/vc_column_text][vc_separator type=&#8221;transparent&#8221; up=&#8221;15&#8243; down=&#8221;0&#8243;][vc_column_text]<\/p>\n<h4 style=\"text-align: center;\">Consulta il mio CV e la mia carriera su Linkedin<\/h4>\n<p>[\/vc_column_text][vc_separator type=&#8221;transparent&#8221; up=&#8221;20&#8243; down=&#8221;50&#8243;]<a  itemprop=\"url\" href=\"https:\/\/www.linkedin.com\/in\/veronicagonzalez-interprete-traductora\/\" target=\"_blank\" data-hover-background-color=#000000  class=\"qbutton  default\" style=\"\">Consulta il mio CV completo<span aria-hidden=\"true\" class=\"qode_icon_font_elegant social_linkedin qode_button_icon_element\" style=\"\" ><\/span><\/a>[\/vc_column][\/vc_row]<\/p>\n","protected":false},"excerpt":{"rendered":"<p>[vc_row css_animation=&#8221;&#8221; row_type=&#8221;row&#8221; use_row_as_full_screen_section=&#8221;no&#8221; type=&#8221;grid&#8221; angled_section=&#8221;no&#8221; text_align=&#8221;center&#8221; background_image_as_pattern=&#8221;without_pattern&#8221; padding_top=&#8221;65&#8243; padding_bottom=&#8221;60&#8243;][vc_column offset=&#8221;vc_col-lg-offset-2 vc_col-lg-8 vc_col-md-offset-1 vc_col-md-10&#8243;][vc_single_image image=&#8221;16374&#8243; img_size=&#8221;full&#8221; alignment=&#8221;center&#8221; qode_css_animation=&#8221;&#8221;][vc_separator type=&#8221;transparent&#8221; up=&#8221;23&#8243; down=&#8221;0&#8243;][vc_column_text] VERONICA GONZALEZ [\/vc_column_text][vc_column_text] TRADUTTORE E INTERPRETE [\/vc_column_text][vc_separator type=&#8221;transparent&#8221; up=&#8221;15&#8243; down=&#8221;0&#8243;][vc_column_text] Diploma e laurea in traduzione e interpretariato presso l&#8217;Universit\u00e0 di Granada, Bachelor of Arts&#8230;<\/p>\n","protected":false},"author":2,"featured_media":0,"parent":0,"menu_order":0,"comment_status":"open","ping_status":"closed","template":"full_width.php","meta":{"footnotes":""},"class_list":["post-16760","page","type-page","status-publish","hentry"],"_links":{"self":[{"href":"https:\/\/www.traductorainterprete.com\/it\/wp-json\/wp\/v2\/pages\/16760","targetHints":{"allow":["GET"]}}],"collection":[{"href":"https:\/\/www.traductorainterprete.com\/it\/wp-json\/wp\/v2\/pages"}],"about":[{"href":"https:\/\/www.traductorainterprete.com\/it\/wp-json\/wp\/v2\/types\/page"}],"author":[{"embeddable":true,"href":"https:\/\/www.traductorainterprete.com\/it\/wp-json\/wp\/v2\/users\/2"}],"replies":[{"embeddable":true,"href":"https:\/\/www.traductorainterprete.com\/it\/wp-json\/wp\/v2\/comments?post=16760"}],"version-history":[{"count":5,"href":"https:\/\/www.traductorainterprete.com\/it\/wp-json\/wp\/v2\/pages\/16760\/revisions"}],"predecessor-version":[{"id":16800,"href":"https:\/\/www.traductorainterprete.com\/it\/wp-json\/wp\/v2\/pages\/16760\/revisions\/16800"}],"wp:attachment":[{"href":"https:\/\/www.traductorainterprete.com\/it\/wp-json\/wp\/v2\/media?parent=16760"}],"curies":[{"name":"wp","href":"https:\/\/api.w.org\/{rel}","templated":true}]}}