{"id":16737,"date":"2018-11-08T09:44:30","date_gmt":"2018-11-08T09:44:30","guid":{"rendered":"https:\/\/www.traductorainterprete.com\/informativa-sulla-privacy\/"},"modified":"2018-11-08T09:44:30","modified_gmt":"2018-11-08T09:44:30","slug":"informativa-sulla-privacy","status":"publish","type":"page","link":"https:\/\/www.traductorainterprete.com\/it\/informativa-sulla-privacy\/","title":{"rendered":"Informativa sulla privacy"},"content":{"rendered":"<p><strong>1) AVVISO<\/strong><\/p>\n<p>Con il presente avviso, Ver\u00f3nica Gonz\u00e1lez P\u00e9rez, titolare del marchio VER\u00d3NICA GONZ\u00c1LEZ Y MARCAS,S.L.U (di seguito, VER\u00d3NICA GONZ\u00c1LEZ), con numero CIF B-54297593, registrato nel Registro Mercantile di Alicante nel volume 3254, foglio 153, sezione 8, pagina A110418 del 09\/01\/2008, con sede legale in Avda. de la Estaci\u00f3n, 27, Entlo. D, 03003, Alicante, Spagna, proprietario del sito web www.veronicatraduccion.com, conferma di essere responsabile degli archivi contenenti dati personali forniti dagli utenti attraverso il portale e informa e comunica agli utenti del portale la propria Politica sulla Privacy sulla Protezione dei Dati Personali in conformit\u00e0 con la legislazione vigente in materia e contenuta nella Legge 15\/1999 del 13 dicembre sulla Protezione dei Dati Personali e nella Legge 34\/2002 sui Servizi della Societ\u00e0 dell \u201cInformazione. Il suo scopo \u00e8 quello di consentire agli utenti del sito web di determinare liberamente e volontariamente se desiderano fornire a VER\u00d3NICA GONZ\u00c1LEZ i propri dati personali che potrebbero essere richiesti in seguito alla visione dei contenuti del portale e all\u201d acquisizione dei servizi di VER\u00d3NICA GONZ\u00c1LEZ.  <\/p>\n<p><strong>2) USI, FINALIT\u00c0 E ACCETTAZIONE DA PARTE DELL&#8217;UTENTE:<\/strong><\/p>\n<p>L \u201cutente autorizza e acconsente volontariamente al trattamento automatizzato dei propri dati personali, i cui dettagli sono forniti liberamente dall\u201d utente tramite questionario elettronico, e-mail, telefono, fax o tramite contratto con uno dei servizi dell \u201cazienda. In questo modo, l\u201d utente accetta e acconsente espressamente che i dati forniti o forniti in futuro possano essere elaborati in un archivio di dati personali. VER\u00d3NICA GONZ\u00c1LEZ, si impegna a far s\u00ec che gli archivi contenenti dati personali e i dati comunicati dal loro titolare vengano utilizzati per finalit\u00e0 specifiche e concrete, in particolare per:  <\/p>\n<p>Gestione del rapporto contrattuale ed extracontrattuale con l&#8217;azienda.<\/p>\n<p>Registrazione al portale come utente registrato<\/p>\n<p>Studio statistico e valutativo dei clienti.<\/p>\n<p>Invio di pubblicit\u00e0 commerciale, newsletter, notizie o informazioni periodiche.<\/p>\n<p>Gestione e\/o amministrazione dei servizi a cui l&#8217;utente si iscrive e amministrazione del servizio sottoscritto.<\/p>\n<p>Gestione degli incidenti<\/p>\n<p>VER\u00d3NICA GONZ\u00c1LEZ si impegna a notificare all&#8217;utente per iscritto e in modo inconfutabile qualsiasi estensione, modifica o ampliamento delle finalit\u00e0 e degli usi da attribuire al trattamento automatizzato dei dati forniti dall&#8217;utente. VER\u00d3NICA GONZ\u00c1LEZ informa che il conferimento di tutti i dati richiesti per la registrazione come utente \u00e8 obbligatorio nei casi in cui \u00e8 espressamente specificato, come, ad esempio, nell&#8217;iscrizione come utente registrato, e pu\u00f2 negare la registrazione all&#8217;interessato che non fornisca tali dati. Nei moduli in cui vengono raccolti i dati personali, saranno indicati i diversi campi la cui compilazione \u00e8 necessaria e obbligatoria per la registrazione e l&#8217;iscrizione, nonch\u00e9 i campi la cui compilazione \u00e8 facoltativa a seconda delle informazioni di cui dispone l&#8217;interessato e delle conoscenze tecniche e materiali di cui dispone l&#8217;utente.  <\/p>\n<p><strong>3) PROPRIET\u00c0<\/strong><\/p>\n<p>I file creati a seguito della registrazione al portale tramite questionario o e-mail, o direttamente tramite l \u201cacquisto di un servizio, saranno di propriet\u00e0 e responsabilit\u00e0 di Ver\u00f3nica Gonz\u00e1lez P\u00e9rez, titolare del marchio VER\u00d3NICA GONZ\u00c1LEZ, con numero CIF B-54297593, iscritta al Registro delle Imprese di Alicante nel volume 3254, foglio 153, sezione 8, pagina A110418 del 09\/01\/2008, con sede legale in Avda. de la Estaci\u00f3n, 27, Entlo. D, 03003, Alicante, Spagna, proprietario del sito web <a href=\"http:\/\/www.veronicatraduccion.com,\/\">www.veronicatraduccion.com,<\/a>. VER\u00d3NICA GONZ\u00c1LEZ, si assume la responsabilit\u00e0 di un utilizzo conforme alle norme stabilite dalla Legge sulla Protezione dei Dati Personali e assicura di aver adottato tutte le misure di sicurezza tecniche e organizzative per proteggere la riservatezza e l\u201d integrit\u00e0 delle informazioni, in conformit\u00e0 con le disposizioni della Legge Organica 15\/1999, del 13 dicembre, sulla Protezione dei Dati Personali e del Real Decreto 1720\/2007, del 21 dicembre, che approva il Regolamento per lo sviluppo della Legge Organica 15\/1999, del 13 dicembre, sulla protezione dei dati personali.  <\/p>\n<p><strong>4) ASSEGNAZIONI<\/strong><\/p>\n<p>VER\u00d3NICA GONZ\u00c1LEZ si impegna a non trasferire o comunicare i dati personali forniti dall \u201cutente, ad eccezione dei casi in cui ci\u00f2 sia necessario per migliorare la qualit\u00e0 del servizio, tutti inclusi nel rapporto contrattuale stipulato con VER\u00d3NICA GONZ\u00c1LEZ. Il titolare dei dati autorizza espressamente il trasferimento dei dati oggetto di trattamento per questi casi, e VER\u00d3NICA GONZ\u00c1LEZ si impegna a richiedere, espressamente e per iscritto, una nuova autorizzazione all\u201d utente, nel caso in cui il trasferimento sia necessario per altre finalit\u00e0 non contemplate nella presente clausola. <\/p>\n<p><strong>5) DIRITTI DELL&#8217;UTENTE<\/strong><\/p>\n<p>L \u201caccettazione del titolare al trattamento dei propri dati \u00e8 sempre revocabile, in conformit\u00e0 con le disposizioni della Legge Organica 15\/1999 del 13 dicembre. Di conseguenza, l\u201d utente titolare dei dati potr\u00e0 esercitare in qualsiasi momento i diritti di accesso, rettifica, cancellazione e opposizione nei termini previsti dalla Legge Organica 15\/1999 del 13 dicembre, mediante una comunicazione scritta e affidabile inviata per posta raccomandata a Avda. de la Estaci\u00f3n, 27, Entlo. D, 03003, Alicante, Spagna, proprietario del sito web www.veronicatraduccion.com, o tramite e-mail inviata a info@veronicatraduccion.com, o qualsiasi altro mezzo che dimostri che \u00e8 stata inviata alla parte responsabile. In questa comunicazione, il titolare \u00e8 tenuto a indicare e fornire i propri dati identificativi, una fotocopia del documento di identit\u00e0 nazionale, l \u201cindirizzo postale, il numero di telefono, la persona di contatto, l\u201d indirizzo e-mail e una spiegazione scritta del diritto da esercitare, nonch\u00e9 delle sue cause.   <\/p>\n<p>Contestualmente all&#8217;esercizio di tali diritti, VER\u00d3NICA GONZ\u00c1LEZ si impegna a mostrare i dati raccolti, le finalit\u00e0 e gli usi per i quali sono stati forniti e trattati in caso di esercizio del diritto di accesso, a modificarli e correggerli in caso di esercizio del diritto di rettifica, a interromperne il trattamento in caso di esercizio del diritto di opposizione o a cancellarli in caso di esercizio del diritto di cancellazione. In quest&#8217;ultimo caso, e in conformit\u00e0 con le disposizioni legali stabilite nell&#8217;articolo 16 della Legge Organica 15\/1999, del 13 dicembre, sulla Protezione dei Dati Personali, VER\u00d3NICA GONZ\u00c1LEZ li conserver\u00e0, anche dopo la cessazione del rapporto e, in ogni caso, durante i periodi legalmente stabiliti, solo ed esclusivamente per metterli a disposizione delle autorit\u00e0 amministrative o giudiziarie se necessario e quando queste lo richiedano espressamente. <\/p>\n<p><strong>6) RESPONSABILIT\u00c0 DI VERONICA GONZALEZ<\/strong><\/p>\n<p>VER\u00d3NICA GONZ\u00c1LEZ, in qualit\u00e0 di responsabile del file e del portale Internet, garantisce il pieno rispetto delle disposizioni stabilite dalla Legge Organica 15\/1999, del 13 dicembre, sulla Protezione dei Dati Personali e dal Real Decreto 1720\/2007, del 21 dicembre, che approva il Regolamento per lo sviluppo della Legge Organica 15\/1999, del 13 dicembre, sulla protezione dei dati personali, oltre a garantire il rispetto delle disposizioni della Legge 34\/2002 sui Servizi della Societ\u00e0 dell&#8217;Informazione, per quanto riguarda le informazioni sul titolare e le comunicazioni commerciali non richieste o spamming.<\/p>\n<p>VER\u00d3NICA GONZ\u00c1LEZ garantisce inoltre la riservatezza delle comunicazioni effettuate con l \u201cutente, nonch\u00e9 il trattamento dovuto e diligente dei dati personali forniti dall\u201d utente. VER\u00d3NICA GONZ\u00c1LEZ si impegna a non rivelare alcuna informazione confidenziale, n\u00e9 a informare su alcun dato soggetto a trattamento, salvo nei casi in cui la legge lo richieda espressamente o quando richiesto dalle autorit\u00e0 pubbliche competenti in conformit\u00e0 alle disposizioni legali e regolamentari applicabili al caso. <\/p>\n<p><strong>7) RESPONSABILIT\u00c0 DELL&#8217;UTENTE<\/strong><\/p>\n<p>L \u201cutente sar\u00e0 in ogni caso responsabile della veridicit\u00e0 dei dati forniti e VER\u00d3NICA GONZ\u00c1LEZ si riserva il diritto di escludere dai servizi registrati qualsiasi utente che abbia fornito dati falsi, vaghi o inesatti, fatte salve le altre azioni applicabili per legge. L\u201d utente \u00e8 a conoscenza e accetta i termini stabiliti nella politica sulla privacy di VER\u00d3NICA GONZ\u00c1LEZ e acconsente espressamente, liberamente e volontariamente al trattamento automatizzato dei suoi dati personali, secondo i termini stabiliti in queste clausole. L \u201cutente acconsente e si assume la responsabilit\u00e0 dell\u201d invio di comunicazioni commerciali e offerte pubblicitarie da parte di VER\u00d3NICA GONZ\u00c1LEZ ai suoi utenti e clienti registrati.  <\/p>\n<p><strong>8) LEGGE SULLA SOCIET\u00c0 DELL&#8217;INFORMAZIONE<\/strong><\/p>\n<p>Fatto salvo quanto indicato nel paragrafo precedente, in conformit\u00e0 con la Legge 34\/2002, dell \u201c11 luglio, sui Servizi della Societ\u00e0 dell\u201d Informazione e del Commercio Elettronico, per l \u201cinvio di informazioni commerciali su nuovi servizi e offerte da parte di VER\u00d3NICA GONZ\u00c1LEZ, tramite e-mail o qualsiasi altro mezzo di comunicazione elettronico equivalente, si richiede l\u201d autorizzazione espressa dell \u201cUtente. Pertanto, se l\u201d Utente non desidera ricevere informazioni commerciali e pubblicitarie, deve indicarlo espressamente in questa clausola o inviando un \u201ce-mail all\u201d indirizzo info@veronicatraduccion.com indicando la sua espressa volont\u00e0 di non ricevere informazioni commerciali, promozionali o pubblicitarie. <\/p>\n<p><strong>9) DOLCI<\/strong><\/p>\n<p>Al fine di velocizzare il servizio offerto, identificando ciascun utente il pi\u00f9 rapidamente possibile, VER\u00d3NICA GONZ\u00c1LEZ utilizzer\u00e0 dei cookie. I cookie sono dati che vengono memorizzati sul disco rigido del computer e sono utilizzati per velocizzare e ottimizzare il funzionamento del server e del servizio. Ogni utente pu\u00f2 modificare o rifiutare un cookie. In quest&#8217;ultimo caso, VER\u00d3NICA GONZ\u00c1LEZ avverte che la velocit\u00e0 e la qualit\u00e0 del servizio potrebbero essere ridotte.   <\/p>\n<ol>\n<li><em>  Cosa sono i cookie e perch\u00e9 li utilizziamo?<\/em><\/li>\n<\/ol>\n<p>Un cookie \u00e8 un file che viene scaricato sul dispositivo dell&#8217;utente quando accede a determinate pagine web per memorizzare e recuperare informazioni sulla navigazione effettuata da tale dispositivo.<\/p>\n<p>I cookie consentono a questo sito web, tra le altre cose, di memorizzare e recuperare informazioni sulle decisioni e le abitudini dell&#8217;utente. Li utilizziamo per personalizzare l&#8217;esperienza sui nostri siti web, per identificare e ricordare l&#8217;utente registrato e per facilitare la navigazione. <\/p>\n<p>\u00c8 importante notare che l&#8217;uso dei cookie non fornisce dati personali dell&#8217;utente, che rimane anonimo. L&#8217;utente pu\u00f2 configurare il proprio browser in modo da non accettare l&#8217;uso dei cookie; in questo caso la personalizzazione dell&#8217;esperienza non verr\u00e0 applicata, ma potr\u00e0 comunque accedere normalmente ai contenuti. <\/p>\n<p>Maggiori informazioni su cosa sono e come funzionano i cookie sono disponibili alla pagina di Wikipedia (http:\/\/es.wikipedia.org\/wiki\/Cookie_(informatica)).<\/p>\n<ol start=\"2\">\n<li><em>  Che tipo di cookie vengono utilizzati?<\/em><\/li>\n<\/ol>\n<p>Cookie di analisi statistica:<\/p>\n<p>Questi ci permettono di quantificare il numero di visitatori e di analizzare statisticamente come gli utenti utilizzano i nostri servizi. Grazie a ci\u00f2, possiamo studiare la navigazione sul sito web e quindi migliorare la gamma di prodotti o servizi che offriamo. <\/p>\n<p>Cookie tecnici e di personalizzazione:<\/p>\n<p>Sono quelli che ci permettono di controllare gli aspetti relativi alla sessione dell&#8217;utente, in modo da poter migliorare l&#8217;esperienza di navigazione all&#8217;interno del sito web. Ad esempio: <\/p>\n<p>Ci permettono di riconoscere la lingua dell&#8217;utente.<\/p>\n<p>Prevenire o ostacolare gli attacchi contro il sito web o i suoi utenti.<\/p>\n<p>Ci aiutano a fornire la corretta riproduzione dei contenuti multimediali.<\/p>\n<p>Migliorano le prestazioni, permettendo di distribuire il traffico web delle nostre macchine tra diversi server.<\/p>\n<p>Per maggiori informazioni su questo argomento, consulta la <a href=\"http:\/\/www.agpd.es\/portalwebAGPD\/canaldocumentacion\/publicaciones\/common\/Guias\/Guia_Cookies.pdf\">Guida all \u201cuso dei cookie dell\u201d Agenzia spagnola per la protezione dei dati<\/a>.<\/p>\n<p>La seguente tabella riassume i cookie utilizzati, seguendo lo schema Nome-Tipo-Descrizione-Durata:<\/p>\n<p>(__utma, __utmb, __utmc, __utmz, __utmz, __unam) &#8211; Analytics &#8211; Cookie utilizzato da Google Analytics per il controllo statistico degli accessi. &#8211; <a href=\"https:\/\/developers.google.com\/analytics\/devguides\/collection\/analyticsjs\/cookie-usage?hl=es\">Google<\/a> <\/p>\n<p>PHPSESSID &#8211; Tecnico &#8211; Identificatore di sessione fornito da PHP per differenziare le sessioni tra gli utenti &#8211; Sessione &#8211; Session-<\/p>\n<p>barcookieweb &#8211; Tecnico &#8211; Identifica la visualizzazione della barra informativa sulla politica dei cookie &#8211; Indefinito-<\/p>\n<p>I restanti cookie appartengono a terze parti, principalmente servizi di social network online, che forniscono sistemi di condivisione dei contenuti.<\/p>\n<ol start=\"3\">\n<li><em>  Come disabilitare i cookie nel browser<\/em><\/li>\n<\/ol>\n<p>La maggior parte dei browser consente agli utenti di configurare se e quali cookie accettare. Queste impostazioni si trovano solitamente nel menu \u201copzioni\u201d o \u201cpreferenze\u201d del browser. <\/p>\n<p>Queste sono le istruzioni per impostare i cookie nei principali browser:<\/p>\n<p><strong>Chrome:<\/strong> Impostazioni -&gt; Mostra opzioni avanzate -&gt; Privacy -&gt; Impostazioni dei contenuti.<\/p>\n<p>Per maggiori informazioni, puoi consultare il <a href=\"https:\/\/support.google.com\/chrome\/?hl=es#topic=3227046\">supporto di Google <\/a>o la Guida del browser.<\/p>\n<p><strong>Firefox:<\/strong> Strumenti -&gt; Opzioni -&gt; Privacy -&gt; Cronologia -&gt; Impostazioni personalizzate.<\/p>\n<p>Per maggiori informazioni, puoi consultare l&#8217;<a href=\"https:\/\/support.mozilla.org\/es\/\">assistenza Mozilla<\/a> o la Guida del browser.<\/p>\n<p><strong>Internet Explorer<\/strong>: Strumenti -&gt; Opzioni Internet -&gt; Privacy -&gt; Impostazioni.<\/p>\n<p>Per ulteriori informazioni, puoi consultare l&#8217;assistenza Microsoft o la Guida del browser.<\/p>\n<p><strong>Safari:<\/strong> Preferenze -&gt; Sicurezza.<\/p>\n<p>Per maggiori informazioni, puoi consultare il supporto Apple o l&#8217;Aiuto del browser.<\/p>\n<ol start=\"4\">\n<li><em>  Aggiornamenti e modifiche alla politica sui cookie:<\/em><\/li>\n<\/ol>\n<p>Il proprietario del sito web pu\u00f2 modificare la presente Politica sui Cookies in conformit\u00e0 con i requisiti legislativi, normativi, tecnico-applicativi o al fine di adattare tale politica alle istruzioni emanate dall&#8217;Agenzia Spagnola per la Protezione dei Dati, per cui si consiglia agli utenti di visitarla periodicamente.<\/p>\n<p>In caso di modifiche significative alla presente Politica sui Cookies, queste saranno comunicate agli utenti con un avviso indicativo tramite il sito web o via e-mail.<\/p>\n<p><strong>10) RISOLUZIONE DELLE CONTROVERSIE<\/strong><\/p>\n<p>Le parti, rinunciando espressamente alla propria giurisdizione, accettano la legge spagnola come legislazione regolatrice del presente contratto in caso di qualsiasi controversia nell \u201cinterpretazione o nell\u201d adempimento dello stesso, e si sottopongono alle Corti e ai Tribunali di Alicante per la risoluzione di qualsiasi controversia che possa sorgere dallo stesso.<\/p>\n<p>Pi\u00f9 di 900 aziende si sono affidate a VER\u00d3NICA GONZ\u00c1LEZ per tutti i loro lavori di traduzione e interpretariato.<\/p>\n","protected":false},"excerpt":{"rendered":"<p>1) AVVISO Con il presente avviso, Ver\u00f3nica Gonz\u00e1lez P\u00e9rez, titolare del marchio VER\u00d3NICA GONZ\u00c1LEZ Y MARCAS,S.L.U (di seguito, VER\u00d3NICA GONZ\u00c1LEZ), con numero CIF B-54297593, registrato nel Registro Mercantile di Alicante nel volume 3254, foglio 153, sezione 8, pagina A110418 del 09\/01\/2008, con sede legale in&#8230;<\/p>\n","protected":false},"author":2,"featured_media":0,"parent":0,"menu_order":0,"comment_status":"closed","ping_status":"closed","template":"","meta":{"footnotes":""},"class_list":["post-16737","page","type-page","status-publish","hentry"],"_links":{"self":[{"href":"https:\/\/www.traductorainterprete.com\/it\/wp-json\/wp\/v2\/pages\/16737","targetHints":{"allow":["GET"]}}],"collection":[{"href":"https:\/\/www.traductorainterprete.com\/it\/wp-json\/wp\/v2\/pages"}],"about":[{"href":"https:\/\/www.traductorainterprete.com\/it\/wp-json\/wp\/v2\/types\/page"}],"author":[{"embeddable":true,"href":"https:\/\/www.traductorainterprete.com\/it\/wp-json\/wp\/v2\/users\/2"}],"replies":[{"embeddable":true,"href":"https:\/\/www.traductorainterprete.com\/it\/wp-json\/wp\/v2\/comments?post=16737"}],"version-history":[{"count":0,"href":"https:\/\/www.traductorainterprete.com\/it\/wp-json\/wp\/v2\/pages\/16737\/revisions"}],"wp:attachment":[{"href":"https:\/\/www.traductorainterprete.com\/it\/wp-json\/wp\/v2\/media?parent=16737"}],"curies":[{"name":"wp","href":"https:\/\/api.w.org\/{rel}","templated":true}]}}