{"id":16732,"date":"2018-11-05T12:33:37","date_gmt":"2018-11-05T12:33:37","guid":{"rendered":"https:\/\/www.traductorainterprete.com\/informativa-sui-cookie\/"},"modified":"2018-11-05T12:33:37","modified_gmt":"2018-11-05T12:33:37","slug":"informativa-sui-cookie","status":"publish","type":"page","link":"https:\/\/www.traductorainterprete.com\/it\/informativa-sui-cookie\/","title":{"rendered":"Informativa sui cookie"},"content":{"rendered":"<h1>Informativa sui cookie<\/h1>\n<p>\n  Un <em>cookie<\/em> \u00e8 un piccolo file di testo che viene memorizzato nel tuo browser quando visiti quasi tutti i siti web. \u00c8 utile al sito web per poter ricordare la tua visita quando torni su quella pagina. I <em>cookie<\/em> solitamente memorizzano informazioni di natura tecnica, preferenze personali, personalizzazione dei contenuti, statistiche di utilizzo, link ai social network, accesso agli account utente, ecc. Lo scopo del <em>cookie<\/em> \u00e8 quello di adattare il contenuto del sito web al tuo profilo e alle tue esigenze; senza i <em>cookie<\/em> i servizi offerti da qualsiasi pagina sarebbero notevolmente ridotti. <a href=\"http:\/\/www.veronicatraduccion.com\/beta\/mas-informacion-sobre-las-cookies\/\">Per<\/a> maggiori informazioni su cosa sono i <em>cookie<\/em>, su cosa memorizzano, su come cancellarli, disattivarli, ecc.\n<\/p>\n<h2>I cookie utilizzati in questo sito web<\/h2>\n<p>\n  Seguendo le linee guida dell \u201cAgenzia spagnola per la protezione dei dati procediamo a dettagliare l\u201d uso dei <em>cookie<\/em> che fa questo sito web al fine di informarti nel modo pi\u00f9 accurato possibile.\n<\/p>\n<p>\n  Questo sito web utilizza i seguenti <strong>cookie<\/strong>:\n\t<\/p>\n<ul>\n<li>Cookie di sessione, per garantire che gli utenti che pubblicano commenti sul blog siano umani e non applicazioni automatizzate. Questo \u00e8 il modo per combattere <em>lo spam<\/em>.<\/li>\n<\/ul>\n<p>\n  Questo sito web utilizza i seguenti <strong>cookie di terze parti<\/strong>:\n\t<\/p>\n<ul>\n<li>Google Analytics: memorizza <em>i cookie<\/em> per compilare statistiche sul traffico e sul volume delle visite a questo sito web. Utilizzando questo sito web acconsenti al trattamento dei tuoi dati da parte di Google. Pertanto, l&#8217;utente deve esercitare i propri diritti a questo proposito contattando direttamente Google.<\/li>\n<li>Social network: ogni social network utilizza i propri <em>cookie<\/em> per consentirti di cliccare sui pulsanti <em>Mi piace<\/em> o <em>Condividi<\/em>.<\/li>\n<\/ul>\n<h2>Disabilitare o cancellare i cookie<\/h2>\n<p>\n  Puoi esercitare il tuo diritto di disabilitare o cancellare i cookie da questo sito web in qualsiasi momento. Queste azioni vengono eseguite in modo diverso a seconda del browser che stai utilizzando. <a href=\"http:\/\/www.veronicatraduccion.com\/beta\/mas-informacion-sobre-las-cookies\/#navegadores\">Ecco una guida rapida per i browser pi\u00f9 diffusi<\/a>.\n<\/p>\n<h2>Note aggiuntive<\/h2>\n<\/p>\n<ul>\n<li>\n  N\u00e9 questo sito n\u00e9 i suoi rappresentanti legali sono responsabili del contenuto o della veridicit\u00e0 delle politiche sulla privacy delle terze parti menzionate in questa politica <em>sui cookie<\/em>.\n\t\t<\/li>\n<li>\n  I browser web sono gli strumenti responsabili della memorizzazione dei <em>cookie<\/em> ed \u00e8 qui che devi esercitare il tuo diritto di cancellarli o disattivarli. N\u00e9 il presente sito web n\u00e9 i suoi rappresentanti legali possono garantire la corretta o errata gestione dei <em>cookie<\/em> da parte dei suddetti browser.\n\t\t<\/li>\n<li>\n  In alcuni casi \u00e8 necessario installare <em>dei cookie<\/em> affinch\u00e9 il browser non dimentichi la tua decisione di non accettarli.\n\t\t<\/li>\n<li>\n  Nel caso dei <em>cookie di<\/em> Google Analytics, questa azienda memorizza <em>i cookie<\/em> su server situati negli Stati Uniti e si impegna a non condividerli con terze parti, tranne nei casi in cui ci\u00f2 sia necessario per il funzionamento del sistema o se richiesto dalla legge. Secondo Google non salva il tuo indirizzo IP. Google Inc. \u00e8 membro dell&#8217;accordo Safe Harbour che garantisce che tutti i dati trasferiti saranno trattati con un livello di protezione conforme alle normative europee. Informazioni dettagliate sono disponibili <a href=\"http:\/\/safeharbor.export.gov\/companyinfo.aspx?id=16626\" target=\"_blank\">a questo link<\/a>. Se desideri informazioni su come Google utilizza i cookie, <a href=\"https:\/\/developers.google.com\/analytics\/devguides\/collection\/analyticsjs\/cookie-usage?hl=es&amp;csw=1\" target=\"_blank\">segui questo link.<\/a>\n\t\t<\/li>\n<li>\n  Se hai dubbi o domande su questa politica <em>sui cookie<\/em>, non esitare a contattarci tramite la sezione contatti.<\/a>\n\t\t<\/li>\n<\/ul>\n<p>\n  Cookie Advisor \u00e8 un <a href=\"http:\/\/wordpress.org\/plugins\/asesor-cookies-para-la-ley-en-espana\/\" target=\"_blank\">plugin per WordPress<\/a> creato da Carlos Doral<a href=\"http:\/\/webartesanal.com\" target=\"_blank\">(webartesanal.com<\/a>).<\/p>\n","protected":false},"excerpt":{"rendered":"<p>Informativa sui cookie Un cookie \u00e8 un piccolo file di testo che viene memorizzato nel tuo browser quando visiti quasi tutti i siti web. \u00c8 utile al sito web per poter ricordare la tua visita quando torni su quella pagina. I cookie solitamente memorizzano informazioni&#8230;<\/p>\n","protected":false},"author":2,"featured_media":0,"parent":0,"menu_order":0,"comment_status":"closed","ping_status":"closed","template":"","meta":{"footnotes":""},"class_list":["post-16732","page","type-page","status-publish","hentry"],"_links":{"self":[{"href":"https:\/\/www.traductorainterprete.com\/it\/wp-json\/wp\/v2\/pages\/16732","targetHints":{"allow":["GET"]}}],"collection":[{"href":"https:\/\/www.traductorainterprete.com\/it\/wp-json\/wp\/v2\/pages"}],"about":[{"href":"https:\/\/www.traductorainterprete.com\/it\/wp-json\/wp\/v2\/types\/page"}],"author":[{"embeddable":true,"href":"https:\/\/www.traductorainterprete.com\/it\/wp-json\/wp\/v2\/users\/2"}],"replies":[{"embeddable":true,"href":"https:\/\/www.traductorainterprete.com\/it\/wp-json\/wp\/v2\/comments?post=16732"}],"version-history":[{"count":0,"href":"https:\/\/www.traductorainterprete.com\/it\/wp-json\/wp\/v2\/pages\/16732\/revisions"}],"wp:attachment":[{"href":"https:\/\/www.traductorainterprete.com\/it\/wp-json\/wp\/v2\/media?parent=16732"}],"curies":[{"name":"wp","href":"https:\/\/api.w.org\/{rel}","templated":true}]}}