{"id":16773,"date":"2018-11-05T12:33:37","date_gmt":"2018-11-05T12:33:37","guid":{"rendered":"https:\/\/www.traductorainterprete.com\/plus-dinformations-sur-les-cookies\/"},"modified":"2018-11-05T12:33:37","modified_gmt":"2018-11-05T12:33:37","slug":"plus-dinformations-sur-les-cookies","status":"publish","type":"page","link":"https:\/\/www.traductorainterprete.com\/fr\/plus-dinformations-sur-les-cookies\/","title":{"rendered":"Plus d&rsquo;informations sur les cookies"},"content":{"rendered":"<h2>Qu&rsquo;est-ce qu&rsquo;un cookie ?<\/h2>\n<p>\n  Un <em>cookie<\/em> est un fichier texte <b>inoffensif<\/b> qui est stock\u00e9 dans votre navigateur lorsque vous visitez presque n&rsquo;importe quel site web. Le but du <em>cookie<\/em> est de permettre au site web de se souvenir de votre visite lorsque vous revenez sur cette page. Bien que de nombreuses personnes l&rsquo;ignorent, <em>les cookies<\/em> sont utilis\u00e9s depuis 20 ans, lorsque les premiers navigateurs pour le World Wide Web sont apparus.\n<\/p>\n<h2>Qu&rsquo;est-ce qui n&rsquo;est PAS un biscuit ?<\/h2>\n<p>\n  Il ne s&rsquo;agit pas d&rsquo;un virus, d&rsquo;un cheval de Troie, d&rsquo;un ver, d&rsquo;un spam, d&rsquo;un logiciel espion ou d&rsquo;une fen\u00eatre contextuelle.\n<\/p>\n<h2>Quelles informations un <em>cookie<\/em> stocke-t-il ?<\/h2>\n<p>\n  Les <em>cookies<\/em> ne stockent g\u00e9n\u00e9ralement pas d&rsquo;informations sensibles vous concernant, telles que des donn\u00e9es bancaires ou de carte de cr\u00e9dit, des photographies, votre identit\u00e9 ou des informations personnelles, etc. Les donn\u00e9es qu&rsquo;ils stockent sont de nature technique, pr\u00e9f\u00e9rences personnelles, personnalisation du contenu, etc.\n<\/p>\n<p>\n  Le serveur web ne vous associe pas en tant que personne, mais votre navigateur web. En fait, si vous naviguez habituellement avec Internet Explorer et que vous essayez de naviguer sur le m\u00eame site web avec Firefox ou Chrome, vous verrez que le web ne se rend pas compte que vous \u00eates la m\u00eame personne parce qu&rsquo;il associe en fait le navigateur, et non la personne.\n<\/p>\n<h2>Quels sont les types de <em>cookies<\/em>?<\/h2>\n<\/p>\n<ul>\n<li><em>Cookies<\/em> techniques : ce sont les plus basiques et ils permettent, entre autres, de savoir quand un humain ou une application automatis\u00e9e navigue, quand un utilisateur anonyme et un utilisateur enregistr\u00e9 naviguent, des t\u00e2ches de base pour le fonctionnement de tout site web dynamique.<\/li>\n<li><em>Cookies d&rsquo;<\/em> analyse : ils collectent des informations sur le type de navigation que vous effectuez, les rubriques que vous utilisez le plus, les produits consult\u00e9s, le temps d&rsquo;utilisation, la langue, etc.<\/li>\n<li><em>Cookies<\/em> publicitaires : ils affichent de la publicit\u00e9 en fonction de vos habitudes de navigation, de votre pays d&rsquo;origine, de votre langue, etc.<\/li>\n<\/ul>\n<h2>Qu&rsquo;est-ce qu&rsquo;un <em>cookie de<\/em> premi\u00e8re partie et un <em>cookie<\/em> de tierce partie ?<\/h2>\n<p>\n  Les <em>cookies de premi\u00e8re partie<\/em> sont ceux g\u00e9n\u00e9r\u00e9s par le site web que vous visitez et les cookies de <em>tierce partie<\/em> sont ceux g\u00e9n\u00e9r\u00e9s par des services ou des fournisseurs externes tels que Facebook, Twitter, Google, etc.\n<\/p>\n<h2>Que se passe-t-il si je d\u00e9sactive les <em>cookies<\/em>?<\/h2>\n<p>\n  Pour vous aider \u00e0 comprendre dans quelle mesure les <em>cookies<\/em> peuvent \u00eatre d\u00e9sactiv\u00e9s, voici quelques exemples :\n\t<\/p>\n<ul>\n<li>Vous ne pouvez pas partager le contenu de ce site web sur Facebook, Twitter ou tout autre r\u00e9seau social.<\/li>\n<li>Le site web ne sera pas en mesure d&rsquo;adapter le contenu \u00e0 vos pr\u00e9f\u00e9rences personnelles, comme c&rsquo;est souvent le cas pour les boutiques en ligne.<\/li>\n<li>Vous ne pourrez pas acc\u00e9der \u00e0 la zone personnelle de ce site web, telle que <em>Mon compte<\/em>, <em>Mon profil<\/em> ou <em>Mes commandes.<\/em><\/li>\n<li>Magasins en ligne : il vous sera impossible de faire des achats en ligne, vous devrez le faire par t\u00e9l\u00e9phone ou en vous rendant dans le magasin physique si vous en avez un.<\/li>\n<li>Il ne sera pas possible de personnaliser vos pr\u00e9f\u00e9rences g\u00e9ographiques telles que le fuseau horaire, la devise ou la langue.<\/li>\n<li>Le site web ne sera pas en mesure d&rsquo;effectuer des analyses sur les visiteurs et le trafic web, ce qui rendra le site web difficilement comp\u00e9titif.<\/li>\n<li>Vous ne pourrez pas \u00e9crire sur le blog, t\u00e9l\u00e9charger des photos, publier des commentaires, \u00e9valuer ou noter le contenu. Le site web ne pourra pas non plus d\u00e9terminer si vous \u00eates un \u00eatre humain ou une application automatis\u00e9e publiant des <em>spams<\/em>. <\/li>\n<li>Il ne sera pas possible d&rsquo;afficher de la publicit\u00e9 cibl\u00e9e, ce qui r\u00e9duira les recettes publicitaires du site web.<\/li>\n<li>Tous les r\u00e9seaux sociaux utilisent des <em>cookies<\/em>. Si vous les d\u00e9sactivez, vous ne pourrez utiliser aucun r\u00e9seau social.<\/li>\n<\/ul>\n<h2>Les <em>cookies<\/em> peuvent-ils \u00eatre supprim\u00e9s ?<\/h2>\n<p>\n  Oui, non seulement supprimer, mais aussi bloquer, soit de mani\u00e8re g\u00e9n\u00e9rale, soit pour un domaine sp\u00e9cifique.\n<\/p>\n<p>\n  Pour supprimer les <em>cookies<\/em> d&rsquo;un site web, vous devez aller dans les param\u00e8tres de votre navigateur et vous pouvez y rechercher les cookies associ\u00e9s au domaine en question et les supprimer.\n<\/p>\n<h2 id=\"navegadores\">Param\u00e8tres des <em>cookies<\/em> pour les navigateurs les plus courants<\/h2>\n<p>\n  Voici comment acc\u00e9der \u00e0 un <em>cookie<\/em> particulier dans le navigateur <b>Chrome<\/b>. Remarque : ces \u00e9tapes peuvent varier en fonction de la version de votre navigateur :\n\t<\/p>\n<ol>\n<li>Allez dans Param\u00e8tres ou Pr\u00e9f\u00e9rences via le menu Fichier ou en cliquant sur l&rsquo;ic\u00f4ne de personnalisation en haut \u00e0 droite.<\/li>\n<li>Vous verrez diff\u00e9rentes sections, cliquez sur l&rsquo;option <em>Afficher les options avanc\u00e9es.<\/em><\/li>\n<li>Allez dans <em>Confidentialit\u00e9<\/em>, <em>Param\u00e8tres de contenu<\/em>.<\/li>\n<li>S\u00e9lectionnez <em>Tous les <em>cookies<\/em> et donn\u00e9es de site<\/em>.<\/li>\n<li>Vous verrez une liste de tous les <em>cookies<\/em> tri\u00e9s par domaine. Pour faciliter la recherche des <em>cookies<\/em> d&rsquo;un domaine particulier, saisissez une partie ou la totalit\u00e9 de l&rsquo;adresse dans le champ <em>Rechercher des cookies.<\/em> <\/li>\n<li>Apr\u00e8s avoir effectu\u00e9 ce filtre, une ou plusieurs lignes contenant les <em>cookies<\/em> du site web demand\u00e9 appara\u00eetront \u00e0 l \u00ab \u00e9cran. Il ne vous reste plus qu \u00bb \u00e0 les s\u00e9lectionner et \u00e0 appuyer sur <em>X<\/em> pour les supprimer. <\/li>\n<\/ol>\n<p>\n  Pour acc\u00e9der aux param\u00e8tres des <em>cookies<\/em> de votre navigateur <b>Internet Explorer<\/b>, suivez les \u00e9tapes suivantes (elles peuvent varier en fonction de la version de votre navigateur) :\n\t<\/p>\n<ol>\n<li>Allez dans <em>Outils<\/em>, <em>Options Internet<\/em><\/li>\n<li>Cliquez sur <em>Confidentialit\u00e9<\/em>.<\/li>\n<li>D\u00e9placez le curseur pour d\u00e9finir le niveau de confidentialit\u00e9 souhait\u00e9.<\/li>\n<\/ol>\n<p>\n  Pour acc\u00e9der aux param\u00e8tres des <em>cookies<\/em> de votre navigateur <b>Firefox<\/b>, suivez les \u00e9tapes suivantes (elles peuvent varier en fonction de la version de votre navigateur) :\n\t<\/p>\n<ol>\n<li>Allez dans <em>Options<\/em> ou <em>Pr\u00e9f\u00e9rences<\/em> en fonction de votre syst\u00e8me d&rsquo;exploitation.<\/li>\n<li>Cliquez sur <em>Confidentialit\u00e9<\/em>.<\/li>\n<li>Sous <em>Historique<\/em>, choisissez <em>Utiliser les param\u00e8tres personnalis\u00e9s pour l&rsquo;historique<\/em>.<\/li>\n<li>Vous verrez maintenant l&rsquo;option <em>Accepter les cookies<\/em>, vous pouvez l&rsquo;activer ou la d\u00e9sactiver selon vos pr\u00e9f\u00e9rences.<\/li>\n<\/ol>\n<p>\n  Pour acc\u00e9der aux param\u00e8tres des <em>cookies<\/em> dans le navigateur <b>Safari pour OSX<\/b>, suivez les \u00e9tapes suivantes (elles peuvent varier en fonction de la version du navigateur) :\n\t<\/p>\n<ol>\n<li>Allez dans <em>Pr\u00e9f\u00e9rences<\/em>, puis dans <em>Confidentialit\u00e9<\/em>.<\/li>\n<li>L&rsquo;option <em>Bloquer les cookies<\/em> vous permet de d\u00e9finir le type de blocage que vous souhaitez.<\/li>\n<\/ol>\n<p>\n  Pour acc\u00e9der aux param\u00e8tres des <em>cookies<\/em> dans le navigateur <b>Safari pour iOS<\/b>, suivez les \u00e9tapes suivantes (elles peuvent varier en fonction de la version du navigateur) :\n\t<\/p>\n<ol>\n<li>Allez dans <em>Param\u00e8tres<\/em>, puis dans <em>Safari<\/em>.<\/li>\n<li>Allez dans <em>Confidentialit\u00e9 et s\u00e9curit\u00e9<\/em>, vous verrez l&rsquo;option <em>Bloquer les cookies<\/em> qui vous permettra de r\u00e9gler le type de blocage que vous souhaitez effectuer.<\/li>\n<\/ol>\n<p>\n  Pour acc\u00e9der aux param\u00e8tres des <em>cookies de<\/em> votre navigateur pour les appareils <b>Android<\/b>, suivez les \u00e9tapes suivantes (elles peuvent varier en fonction de la version du navigateur) :\n\t<\/p>\n<ol>\n<li>Lancez le navigateur et appuyez sur la touche <em>Menu<\/em>, puis sur <em>Param\u00e8tres<\/em>.<\/li>\n<li>Allez dans <em>S\u00e9curit\u00e9 et confidentialit\u00e9<\/em>, vous verrez l&rsquo;option <em>Accepter les cookies<\/em> pour cocher ou d\u00e9cocher la case.<\/li>\n<\/ol>\n<p>\n  Pour acc\u00e9der aux param\u00e8tres des <em>cookies de<\/em> votre navigateur pour les appareils <b>Windows Phone<\/b>, proc\u00e9dez comme suit (cela peut varier en fonction de la version du navigateur) :\n\t<\/p>\n<ol>\n<li>Ouvrez <em>Internet Explorer<\/em>, puis <em>Plus<\/em>, puis <em>Param\u00e8tres<\/em><\/li>\n<li>Vous pouvez maintenant cocher ou d\u00e9cocher la case <em>Autoriser les cookies<\/em>.<\/li>\n<\/ol>\n<p>\n  Cookie Advisor est un <a href=\"http:\/\/wordpress.org\/plugins\/asesor-cookies-para-la-ley-en-espana\/\" target=\"_blank\">plugin WordPress<\/a> cr\u00e9\u00e9 par Carlos Doral<a href=\"http:\/\/webartesanal.com\" target=\"_blank\">(webartesanal.com).<\/a><\/p>\n","protected":false},"excerpt":{"rendered":"<p>Qu&rsquo;est-ce qu&rsquo;un cookie ? Un cookie est un fichier texte inoffensif qui est stock\u00e9 dans votre navigateur lorsque vous visitez presque n&rsquo;importe quel site web. Le but du cookie est de permettre au site web de se souvenir de votre visite lorsque vous revenez sur&#8230;<\/p>\n","protected":false},"author":2,"featured_media":0,"parent":0,"menu_order":0,"comment_status":"closed","ping_status":"closed","template":"","meta":{"footnotes":""},"class_list":["post-16773","page","type-page","status-publish","hentry"],"_links":{"self":[{"href":"https:\/\/www.traductorainterprete.com\/fr\/wp-json\/wp\/v2\/pages\/16773","targetHints":{"allow":["GET"]}}],"collection":[{"href":"https:\/\/www.traductorainterprete.com\/fr\/wp-json\/wp\/v2\/pages"}],"about":[{"href":"https:\/\/www.traductorainterprete.com\/fr\/wp-json\/wp\/v2\/types\/page"}],"author":[{"embeddable":true,"href":"https:\/\/www.traductorainterprete.com\/fr\/wp-json\/wp\/v2\/users\/2"}],"replies":[{"embeddable":true,"href":"https:\/\/www.traductorainterprete.com\/fr\/wp-json\/wp\/v2\/comments?post=16773"}],"version-history":[{"count":0,"href":"https:\/\/www.traductorainterprete.com\/fr\/wp-json\/wp\/v2\/pages\/16773\/revisions"}],"wp:attachment":[{"href":"https:\/\/www.traductorainterprete.com\/fr\/wp-json\/wp\/v2\/media?parent=16773"}],"curies":[{"name":"wp","href":"https:\/\/api.w.org\/{rel}","templated":true}]}}