{"id":16745,"date":"2018-11-08T09:44:30","date_gmt":"2018-11-08T09:44:30","guid":{"rendered":"https:\/\/www.traductorainterprete.com\/politique-de-confidentialite\/"},"modified":"2018-11-08T09:44:30","modified_gmt":"2018-11-08T09:44:30","slug":"politique-de-confidentialite","status":"publish","type":"page","link":"https:\/\/www.traductorainterprete.com\/fr\/politique-de-confidentialite\/","title":{"rendered":"Politique de confidentialit\u00e9"},"content":{"rendered":"<p><strong>1) AVIS<\/strong><\/p>\n<p>Par le pr\u00e9sent avis, Ver\u00f3nica Gonz\u00e1lez P\u00e9rez, titulaire de la marque VER\u00d3NICA GONZ\u00c1LEZ Y MARCAS,S.L.U (ci-apr\u00e8s, VER\u00d3NICA GONZ\u00c1LEZ), avec le num\u00e9ro CIF B-54297593, inscrite au registre du commerce d&rsquo;Alicante au volume 3254, folio 153, section 8, page A110418 en date du 09\/01\/2008, dont le si\u00e8ge social se trouve Avda. de la Estaci\u00f3n, 27, Entlo. D, 03003, Alicante, Espagne, propri\u00e9taire du site web www.veronicatraduccion.com, confirme qu&rsquo;elle est responsable des fichiers contenant les donn\u00e9es personnelles fournies par les utilisateurs \u00e0 travers le portail et informe et communique aux utilisateurs du portail sa politique de confidentialit\u00e9 sur la protection des donn\u00e9es personnelles conform\u00e9ment \u00e0 la l\u00e9gislation en vigueur en la mati\u00e8re et contenue dans la loi 15\/1999 du 13 d\u00e9cembre sur la protection des donn\u00e9es personnelles et la loi 34\/2002 sur les services de la soci\u00e9t\u00e9 de l&rsquo;information. L&rsquo;objectif est de permettre aux utilisateurs du site Web de d\u00e9terminer librement et volontairement s&rsquo;ils souhaitent fournir \u00e0 VER\u00d3NICA GONZ\u00c1LEZ les donn\u00e9es personnelles qui peuvent leur \u00eatre demand\u00e9es suite \u00e0 la consultation des contenus du portail et \u00e0 l&rsquo;acquisition des services de VER\u00d3NICA GONZ\u00c1LEZ.  <\/p>\n<p><strong>2) LES UTILISATIONS, LES OBJECTIFS ET L&rsquo;ACCEPTATION PAR L&rsquo;UTILISATEUR :<\/strong><\/p>\n<p>L&rsquo;utilisateur autorise et consent volontairement au traitement automatis\u00e9 de ses donn\u00e9es personnelles, dont les d\u00e9tails sont librement fournis par l&rsquo;utilisateur au moyen d&rsquo;un questionnaire \u00e9lectronique, d&rsquo;un courrier \u00e9lectronique, d&rsquo;un t\u00e9l\u00e9phone, d&rsquo;un fax ou en contractant l&rsquo;un des services de l&rsquo;entreprise. De cette fa\u00e7on, l&rsquo;utilisateur accepte et consent express\u00e9ment \u00e0 ce que les donn\u00e9es fournies ou fournies \u00e0 l&rsquo;avenir soient trait\u00e9es dans un fichier de donn\u00e9es personnelles. VER\u00d3NICA GONZ\u00c1LEZ, s&rsquo;engage \u00e0 ce que les fichiers contenant des donn\u00e9es personnelles et les donn\u00e9es communiqu\u00e9es par leur titulaire soient utilis\u00e9s \u00e0 des fins sp\u00e9cifiques et concr\u00e8tes, en particulier pour :  <\/p>\n<p>Gestion des relations contractuelles et non contractuelles avec l&rsquo;entreprise.<\/p>\n<p>Enregistrement du portail en tant qu&rsquo;utilisateur enregistr\u00e9<\/p>\n<p>\u00c9tude statistique et \u00e9valuative des clients.<\/p>\n<p>Envoi de publicit\u00e9 commerciale, de bulletins d&rsquo;information, de nouvelles ou d&rsquo;informations p\u00e9riodiques.<\/p>\n<p>Gestion et\/ou administration des services auxquels l&rsquo;utilisateur s&rsquo;abonne et administration du service souscrit.<\/p>\n<p>Gestion des incidents<\/p>\n<p>VER\u00d3NICA GONZ\u00c1LEZ s&rsquo;engage \u00e0 notifier \u00e0 l&rsquo;utilisateur, par \u00e9crit et de mani\u00e8re irr\u00e9futable, toute extension, modification ou \u00e9largissement des finalit\u00e9s et utilisations \u00e0 donner au traitement automatis\u00e9 des donn\u00e9es fournies par l&rsquo;utilisateur. VER\u00d3NICA GONZ\u00c1LEZ informe que la remise de toutes les donn\u00e9es n\u00e9cessaires \u00e0 l&rsquo;enregistrement en tant qu&rsquo;utilisateur est obligatoire dans les cas o\u00f9 cela est express\u00e9ment sp\u00e9cifi\u00e9, comme, par exemple, dans l&rsquo;abonnement en tant qu&rsquo;utilisateur enregistr\u00e9, et peut refuser l&rsquo;enregistrement \u00e0 l&rsquo;int\u00e9ress\u00e9 qui ne fournit pas ces donn\u00e9es. Dans les formulaires o\u00f9 des donn\u00e9es personnelles sont collect\u00e9es, les diff\u00e9rents champs dont le remplissage est n\u00e9cessaire et obligatoire pour l&rsquo;inscription et l&rsquo;enregistrement, ainsi que les champs dont le remplissage est facultatif en fonction des informations dont dispose l&rsquo;int\u00e9ress\u00e9 et des connaissances techniques et mat\u00e9rielles dont dispose l&rsquo;utilisateur, seront indiqu\u00e9s.  <\/p>\n<p><strong>3) PROPRI\u00c9T\u00c9<\/strong><\/p>\n<p>Les fichiers cr\u00e9\u00e9s \u00e0 la suite de l&rsquo;inscription au portail par le biais d&rsquo;un questionnaire ou d&rsquo;un courrier \u00e9lectronique, ou directement par l&rsquo;achat d&rsquo;un service, seront la propri\u00e9t\u00e9 et la responsabilit\u00e9 de Ver\u00f3nica Gonz\u00e1lez P\u00e9rez, propri\u00e9taire de la marque VER\u00d3NICA GONZ\u00c1LEZ, avec le num\u00e9ro CIF B-54297593, inscrite au registre des soci\u00e9t\u00e9s d&rsquo;Alicante dans le volume 3254, folio 153, section 8, page A110418 en date du 09\/01\/2008, dont le si\u00e8ge social est Avda. de la Estaci\u00f3n, 27, Entlo. D, 03003, Alicante, Espagne, propri\u00e9taire du site web <a href=\"http:\/\/www.veronicatraduccion.com,\/\">www.veronicatraduccion.com,<\/a>. VER\u00d3NICA GONZ\u00c1LEZ, assume la responsabilit\u00e9 de l&rsquo;utilisation conform\u00e9ment \u00e0 la r\u00e9glementation \u00e9tablie dans la loi sur la protection des donn\u00e9es \u00e0 caract\u00e8re personnel et assure avoir adopt\u00e9 toutes les mesures de s\u00e9curit\u00e9 techniques et organisationnelles pour prot\u00e9ger la confidentialit\u00e9 et l&rsquo;int\u00e9grit\u00e9 des informations, conform\u00e9ment aux dispositions de la loi organique 15\/1999, du 13 d\u00e9cembre, sur la protection des donn\u00e9es \u00e0 caract\u00e8re personnel et du d\u00e9cret royal 1720\/2007, du 21 d\u00e9cembre, qui approuve le r\u00e8glement pour le d\u00e9veloppement de la loi organique 15\/1999, du 13 d\u00e9cembre, sur la protection des donn\u00e9es \u00e0 caract\u00e8re personnel.  <\/p>\n<p><strong>4) AFFECTATIONS<\/strong><\/p>\n<p>VER\u00d3NICA GONZ\u00c1LEZ s&rsquo;engage \u00e0 ne pas c\u00e9der ni communiquer les donn\u00e9es personnelles fournies par l&rsquo;utilisateur, sauf dans les cas o\u00f9 cela est n\u00e9cessaire pour am\u00e9liorer la qualit\u00e9 du service, tous ces cas \u00e9tant inclus dans la relation contractuelle \u00e9tablie avec VER\u00d3NICA GONZ\u00c1LEZ. Le titulaire des donn\u00e9es autorise express\u00e9ment la cession des donn\u00e9es trait\u00e9es dans ces cas, et VER\u00d3NICA GONZ\u00c1LEZ s&rsquo;engage \u00e0 demander, express\u00e9ment et par \u00e9crit, une nouvelle autorisation \u00e0 l&rsquo;utilisateur, au cas o\u00f9 la cession serait n\u00e9cessaire \u00e0 d&rsquo;autres fins non pr\u00e9vues dans la pr\u00e9sente clause. <\/p>\n<p><strong>5) DROITS DE L&rsquo;UTILISATEUR<\/strong><\/p>\n<p>L&rsquo;acceptation par le titulaire du traitement de ses donn\u00e9es est toujours r\u00e9vocable, conform\u00e9ment aux dispositions de la loi organique 15\/1999 du 13 d\u00e9cembre. Par cons\u00e9quent, l&rsquo;utilisateur propri\u00e9taire des donn\u00e9es peut \u00e0 tout moment exercer ses droits d&rsquo;acc\u00e8s, de rectification, d&rsquo;annulation et d&rsquo;opposition dans les termes pr\u00e9vus par la loi organique 15\/1999 du 13 d\u00e9cembre, au moyen d&rsquo;une communication \u00e9crite et fiable envoy\u00e9e par courrier recommand\u00e9 \u00e0 Avda. de la Estaci\u00f3n, 27, Entlo. D, 03003, Alicante, Espagne, propri\u00e9taire du site web www.veronicatraduccion.com, ou par courrier \u00e9lectronique envoy\u00e9 \u00e0 info@veronicatraduccion.com, ou par tout autre moyen permettant de prouver qu&rsquo;il a \u00e9t\u00e9 envoy\u00e9 au responsable. Dans cette communication, le titulaire est tenu d&rsquo;indiquer et de fournir ses donn\u00e9es d&rsquo;identification, une photocopie du document d&rsquo;identit\u00e9 national, son adresse postale, son num\u00e9ro de t\u00e9l\u00e9phone, sa personne de contact, son adresse \u00e9lectronique et une explication \u00e9crite du droit \u00e0 exercer, ainsi que de ses causes.   <\/p>\n<p>Parall\u00e8lement \u00e0 l&rsquo;exercice de ces droits, VER\u00d3NICA GONZ\u00c1LEZ s&rsquo;engage \u00e0 montrer les donn\u00e9es collect\u00e9es, les finalit\u00e9s et les utilisations pour lesquelles elles ont \u00e9t\u00e9 fournies et trait\u00e9es dans le cas de l&rsquo;exercice du droit d&rsquo;acc\u00e8s, \u00e0 les modifier et \u00e0 les corriger dans le cas de l&rsquo;exercice du droit de rectification, \u00e0 cesser de les traiter dans le cas de l&rsquo;exercice du droit d&rsquo;opposition ou \u00e0 les annuler dans le cas de l&rsquo;exercice du droit d&rsquo;annulation. Dans ce dernier cas, et conform\u00e9ment aux dispositions l\u00e9gales \u00e9tablies dans l&rsquo;article 16 de la Loi Organique 15\/1999 du 13 d\u00e9cembre sur la Protection des Donn\u00e9es \u00e0 Caract\u00e8re Personnel, VER\u00d3NICA GONZ\u00c1LEZ les conservera, m\u00eame apr\u00e8s la fin de la relation et, dans tous les cas, pendant les d\u00e9lais l\u00e9gaux \u00e9tablis, uniquement et exclusivement pour les mettre \u00e0 la disposition des autorit\u00e9s administratives ou judiciaires en cas de n\u00e9cessit\u00e9 et lorsque celles-ci le demandent express\u00e9ment. <\/p>\n<p><strong>6) RESPONSABILIT\u00c9S DE VERONICA GONZALEZ<\/strong><\/p>\n<p>VER\u00d3NICA GONZ\u00c1LEZ, en tant que responsable du fichier et du portail Internet, garantit le respect des dispositions de la loi organique 15\/1999 du 13 d\u00e9cembre sur la protection des donn\u00e9es \u00e0 caract\u00e8re personnel et du d\u00e9cret royal 1720\/2007 du 21 d\u00e9cembre approuvant le r\u00e8glement d&rsquo;application de la loi organique 15\/1999 du 13 d\u00e9cembre sur la protection des donn\u00e9es \u00e0 caract\u00e8re personnel, ainsi que le respect des dispositions de la loi 34\/2002 sur les services de la soci\u00e9t\u00e9 de l&rsquo;information en ce qui concerne l&rsquo;information sur le titulaire et les communications commerciales non sollicit\u00e9es ou spamming, du 13 d\u00e9cembre, sur la protection des donn\u00e9es \u00e0 caract\u00e8re personnel, ainsi que le respect des dispositions de la loi 34\/2002 sur les services de la soci\u00e9t\u00e9 de l&rsquo;information, en ce qui concerne l&rsquo;information sur le propri\u00e9taire et les communications commerciales non sollicit\u00e9es ou le spamming.<\/p>\n<p>VER\u00d3NICA GONZ\u00c1LEZ garantit \u00e9galement la confidentialit\u00e9 des communications r\u00e9alis\u00e9es avec l&rsquo;utilisateur, ainsi que le traitement correct et diligent des donn\u00e9es personnelles fournies par l&rsquo;utilisateur. VER\u00d3NICA GONZ\u00c1LEZ s&rsquo;engage \u00e0 ne pas divulguer d&rsquo;informations confidentielles et \u00e0 ne pas divulguer de donn\u00e9es faisant l&rsquo;objet d&rsquo;un traitement, sauf dans les cas o\u00f9 la loi l&rsquo;exige express\u00e9ment ou lorsque les autorit\u00e9s publiques comp\u00e9tentes l&rsquo;exigent conform\u00e9ment aux dispositions l\u00e9gales et r\u00e9glementaires applicables en l&rsquo;esp\u00e8ce. <\/p>\n<p><strong>7) LA RESPONSABILIT\u00c9 DE L&rsquo;UTILISATEUR<\/strong><\/p>\n<p>L&rsquo;utilisateur sera responsable, dans tous les cas, de la v\u00e9racit\u00e9 des donn\u00e9es fournies, et VER\u00d3NICA GONZ\u00c1LEZ se r\u00e9serve le droit d&rsquo;exclure des services enregistr\u00e9s tout utilisateur ayant fourni des donn\u00e9es fausses, vagues ou inexactes, sans pr\u00e9judice des autres actions applicables en vertu de la loi. L&rsquo;utilisateur conna\u00eet et accepte les termes \u00e9tablis dans la politique de confidentialit\u00e9 de VER\u00d3NICA GONZ\u00c1LEZ, et consent express\u00e9ment, librement et volontairement au traitement automatis\u00e9 de ses donn\u00e9es personnelles, dans les termes \u00e9tablis dans ces clauses. L&rsquo;utilisateur consent \u00e0 l&rsquo;envoi de communications commerciales et d&rsquo;offres publicitaires de VER\u00d3NICA GONZ\u00c1LEZ \u00e0 ses utilisateurs et clients enregistr\u00e9s et en assume la responsabilit\u00e9.  <\/p>\n<p><strong>8) DROIT DE LA SOCI\u00c9T\u00c9 DE L&rsquo;INFORMATION<\/strong><\/p>\n<p>Sans pr\u00e9judice de ce qui est indiqu\u00e9 dans le paragraphe pr\u00e9c\u00e9dent, conform\u00e9ment \u00e0 la loi 34\/2002, du 11 juillet, sur les services de la soci\u00e9t\u00e9 de l&rsquo;information et le commerce \u00e9lectronique, l&rsquo;autorisation expresse de l&rsquo;utilisateur est requise pour l&rsquo;envoi d&rsquo;informations commerciales sur les nouveaux services et offres de VER\u00d3NICA GONZ\u00c1LEZ par courrier \u00e9lectronique ou tout autre moyen de communication \u00e9lectronique \u00e9quivalent. Par cons\u00e9quent, si l&rsquo;utilisateur ne souhaite pas recevoir d&rsquo;informations commerciales et publicitaires, il doit l&rsquo;indiquer express\u00e9ment dans cette clause ou en envoyant un courrier \u00e9lectronique \u00e0 l&rsquo;adresse info@veronicatraduccion.com en indiquant sa volont\u00e9 expresse de ne pas recevoir d&rsquo;informations commerciales, promotionnelles ou publicitaires. <\/p>\n<p><strong>9) COOKIES<\/strong><\/p>\n<p>Afin d&rsquo;acc\u00e9l\u00e9rer le service offert, en identifiant chaque utilisateur le plus rapidement possible, VER\u00d3NICA GONZ\u00c1LEZ utilisera des cookies. Les cookies sont des donn\u00e9es stock\u00e9es sur le disque dur de l&rsquo;ordinateur et utilis\u00e9es pour acc\u00e9l\u00e9rer et optimiser le fonctionnement du serveur et du service. Tout utilisateur peut modifier ou refuser un cookie. Dans ce dernier cas, VER\u00d3NICA GONZ\u00c1LEZ vous avertit que la vitesse et la qualit\u00e9 du service peuvent \u00eatre r\u00e9duites.   <\/p>\n<ol>\n<li><em>  Que sont les cookies et pourquoi les utilisons-nous ?<\/em><\/li>\n<\/ol>\n<p>Un cookie est un fichier qui est t\u00e9l\u00e9charg\u00e9 sur l&rsquo;appareil de l&rsquo;utilisateur lorsqu&rsquo;il acc\u00e8de \u00e0 certaines pages web, afin de stocker et de r\u00e9cup\u00e9rer des informations sur la navigation effectu\u00e9e \u00e0 partir de cet appareil.<\/p>\n<p>Les cookies permettent \u00e0 ce site web, entre autres, de stocker et de r\u00e9cup\u00e9rer des informations sur les d\u00e9cisions et les habitudes de l&rsquo;utilisateur. Nous les utilisons pour personnaliser l&rsquo;exp\u00e9rience sur nos sites web, identifier et m\u00e9moriser l&rsquo;utilisateur enregistr\u00e9 et faciliter la navigation. <\/p>\n<p>Il est important de noter que l&rsquo;utilisation de cookies ne fournit pas de donn\u00e9es personnelles sur l&rsquo;utilisateur, qui reste anonyme. L&rsquo;utilisateur peut configurer son navigateur pour ne pas accepter l&rsquo;utilisation de cookies, auquel cas la personnalisation de l&rsquo;exp\u00e9rience ne sera pas appliqu\u00e9e, bien qu&rsquo;il puisse toujours acc\u00e9der au contenu normalement. <\/p>\n<p>Vous trouverez plus d&rsquo;informations sur les cookies et leur fonctionnement sur la page Wikipedia (http:\/\/es.wikipedia.org\/wiki\/Cookie_(computing)).<\/p>\n<ol start=\"2\">\n<li><em>  Quels sont les types de cookies utilis\u00e9s ?<\/em><\/li>\n<\/ol>\n<p>Cookies d&rsquo;analyse statistique :<\/p>\n<p>Ceux-ci nous permettent de quantifier le nombre de visiteurs et d&rsquo;analyser statistiquement la mani\u00e8re dont les utilisateurs se servent de nos services. Gr\u00e2ce \u00e0 cela, nous pouvons \u00e9tudier la navigation sur le site web et ainsi am\u00e9liorer la gamme de produits ou de services que nous offrons. <\/p>\n<p>Cookies techniques et de personnalisation :<\/p>\n<p>Il s&rsquo;agit de ceux qui nous permettent de contr\u00f4ler les aspects li\u00e9s \u00e0 la session de l&rsquo;utilisateur, afin d&rsquo;am\u00e9liorer l&rsquo;exp\u00e9rience de navigation sur le site web. C&rsquo;est le cas, par exemple : <\/p>\n<p>Ils nous permettent de reconna\u00eetre la langue de l&rsquo;utilisateur.<\/p>\n<p>Pr\u00e9venir ou emp\u00eacher les attaques contre le site web ou ses utilisateurs.<\/p>\n<p>Ils nous aident \u00e0 assurer une lecture correcte des contenus multim\u00e9dias.<\/p>\n<p>Ils am\u00e9liorent les performances, en permettant de r\u00e9partir le trafic web de nos machines entre plusieurs serveurs.<\/p>\n<p>Pour plus d&rsquo;informations \u00e0 ce sujet, veuillez consulter le <a href=\"http:\/\/www.agpd.es\/portalwebAGPD\/canaldocumentacion\/publicaciones\/common\/Guias\/Guia_Cookies.pdf\">guide de l&rsquo;Agence espagnole de protection des donn\u00e9es sur l&rsquo;utilisation des cookies.<\/a><\/p>\n<p>Le tableau suivant r\u00e9sume les cookies utilis\u00e9s, en suivant le mod\u00e8le Nom-Type-Description-Dur\u00e9e :<\/p>\n<p>(__utma, __utmb, __utmc, __utmz, __utmz, __unam) &#8211; Analytics &#8211; Cookies utilis\u00e9s par Google Analytics pour le contr\u00f4le d&rsquo;acc\u00e8s statistique. &#8211; <a href=\"https:\/\/developers.google.com\/analytics\/devguides\/collection\/analyticsjs\/cookie-usage?hl=es\">Google<\/a> <\/p>\n<p>PHPSESSID &#8211; Technique &#8211; Identifiant de session fourni par PHP pour diff\u00e9rencier les sessions entre les utilisateurs &#8211; Session &#8211; Session-<\/p>\n<p>barcookieweb &#8211; Technique &#8211; Identifie l&rsquo;affichage de la barre d&rsquo;information sur la politique en mati\u00e8re de cookies &#8211; Non d\u00e9fini-.<\/p>\n<p>Les autres cookies appartiennent \u00e0 des tiers, principalement des services de r\u00e9seaux sociaux en ligne, qui fournissent des syst\u00e8mes de partage de contenu.<\/p>\n<ol start=\"3\">\n<li><em>  Comment d\u00e9sactiver les cookies dans votre navigateur<\/em><\/li>\n<\/ol>\n<p>La plupart des navigateurs permettent d\u00e9sormais aux utilisateurs de configurer s&rsquo;ils souhaitent accepter les cookies et quels cookies ils souhaitent accepter. Ces param\u00e8tres se trouvent g\u00e9n\u00e9ralement dans le menu \u00ab options \u00bb ou \u00ab pr\u00e9f\u00e9rences \u00bb de votre navigateur. <\/p>\n<p>Voici les instructions pour configurer les cookies dans les principaux navigateurs :<\/p>\n<p><strong>Chrome :<\/strong> Param\u00e8tres -&gt; Afficher les options avanc\u00e9es -&gt; Confidentialit\u00e9 -&gt; Param\u00e8tres de contenu.<\/p>\n<p>Pour plus d&rsquo;informations, vous pouvez consulter l&rsquo;<a href=\"https:\/\/support.google.com\/chrome\/?hl=es#topic=3227046\">assistance de Google <\/a>ou l&rsquo;aide du navigateur.<\/p>\n<p><strong>Firefox :<\/strong> Outils -&gt; Options -&gt; Confidentialit\u00e9 -&gt; Historique -&gt; Param\u00e8tres personnalis\u00e9s.<\/p>\n<p>Pour plus d&rsquo;informations, vous pouvez consulter le <a href=\"https:\/\/support.mozilla.org\/es\/\">support Mozilla<\/a> ou l&rsquo;aide du navigateur.<\/p>\n<p><strong>Internet Explorer<\/strong>: Outils -&gt; Options Internet -&gt; Confidentialit\u00e9 -&gt; Param\u00e8tres.<\/p>\n<p>Pour plus d&rsquo;informations, vous pouvez consulter le support Microsoft ou l&rsquo;aide du navigateur.<\/p>\n<p><strong>Safari :<\/strong> Pr\u00e9f\u00e9rences -&gt; S\u00e9curit\u00e9.<\/p>\n<p>Pour plus d&rsquo;informations, veuillez consulter l&rsquo;assistance Apple ou l&rsquo;aide du navigateur.<\/p>\n<ol start=\"4\">\n<li><em>  Mises \u00e0 jour et modifications de la politique en mati\u00e8re de cookies :<\/em><\/li>\n<\/ol>\n<p>Le propri\u00e9taire du site web peut modifier cette politique de cookies conform\u00e9ment aux exigences l\u00e9gislatives, r\u00e9glementaires, techniques et d&rsquo;application ou pour l&rsquo;adapter aux instructions \u00e9mises par l&rsquo;Agence espagnole de protection des donn\u00e9es, raison pour laquelle les utilisateurs sont invit\u00e9s \u00e0 la consulter p\u00e9riodiquement.<\/p>\n<p>Lorsque des modifications importantes sont apport\u00e9es \u00e0 la pr\u00e9sente politique en mati\u00e8re de cookies, elles sont communiqu\u00e9es aux utilisateurs par le biais d&rsquo;un avis indicatif sur le site web ou par courrier \u00e9lectronique.<\/p>\n<p><strong>10) LE R\u00c8GLEMENT DES DIFF\u00c9RENDS<\/strong><\/p>\n<p>Les parties, renon\u00e7ant express\u00e9ment \u00e0 leur propre juridiction, acceptent la loi espagnole comme l\u00e9gislation r\u00e9gissant le pr\u00e9sent contrat en cas de litige dans l&rsquo;interpr\u00e9tation ou l&rsquo;ex\u00e9cution de celui-ci, et se soumettent aux Cours et Tribunaux d&rsquo;Alicante pour la r\u00e9solution de tout litige pouvant d\u00e9couler de celui-ci.<\/p>\n<p>Plus de 900 entreprises ont fait confiance \u00e0 VER\u00d3NICA GONZ\u00c1LEZ pour tous leurs travaux de traduction et d&rsquo;interpr\u00e9tation.<\/p>\n","protected":false},"excerpt":{"rendered":"<p>1) AVIS Par le pr\u00e9sent avis, Ver\u00f3nica Gonz\u00e1lez P\u00e9rez, titulaire de la marque VER\u00d3NICA GONZ\u00c1LEZ Y MARCAS,S.L.U (ci-apr\u00e8s, VER\u00d3NICA GONZ\u00c1LEZ), avec le num\u00e9ro CIF B-54297593, inscrite au registre du commerce d&rsquo;Alicante au volume 3254, folio 153, section 8, page A110418 en date du 09\/01\/2008, dont&#8230;<\/p>\n","protected":false},"author":2,"featured_media":0,"parent":0,"menu_order":0,"comment_status":"closed","ping_status":"closed","template":"","meta":{"footnotes":""},"class_list":["post-16745","page","type-page","status-publish","hentry"],"_links":{"self":[{"href":"https:\/\/www.traductorainterprete.com\/fr\/wp-json\/wp\/v2\/pages\/16745","targetHints":{"allow":["GET"]}}],"collection":[{"href":"https:\/\/www.traductorainterprete.com\/fr\/wp-json\/wp\/v2\/pages"}],"about":[{"href":"https:\/\/www.traductorainterprete.com\/fr\/wp-json\/wp\/v2\/types\/page"}],"author":[{"embeddable":true,"href":"https:\/\/www.traductorainterprete.com\/fr\/wp-json\/wp\/v2\/users\/2"}],"replies":[{"embeddable":true,"href":"https:\/\/www.traductorainterprete.com\/fr\/wp-json\/wp\/v2\/comments?post=16745"}],"version-history":[{"count":0,"href":"https:\/\/www.traductorainterprete.com\/fr\/wp-json\/wp\/v2\/pages\/16745\/revisions"}],"wp:attachment":[{"href":"https:\/\/www.traductorainterprete.com\/fr\/wp-json\/wp\/v2\/media?parent=16745"}],"curies":[{"name":"wp","href":"https:\/\/api.w.org\/{rel}","templated":true}]}}