{"id":16711,"date":"2015-04-09T13:26:37","date_gmt":"2015-04-09T13:26:37","guid":{"rendered":"https:\/\/www.traductorainterprete.com\/accueil\/"},"modified":"2024-05-23T10:34:17","modified_gmt":"2024-05-23T10:34:17","slug":"accueil","status":"publish","type":"page","link":"https:\/\/www.traductorainterprete.com\/fr\/","title":{"rendered":"Accueil"},"content":{"rendered":"<p>[vc_row css_animation=\u00a0\u00bb\u00a0\u00bb row_type=\u00a0\u00bbrow\u00a0\u00bb use_row_as_full_screen_section=\u00a0\u00bbno\u00a0\u00bb type=\u00a0\u00bbgrid\u00a0\u00bb angled_section=\u00a0\u00bbno\u00a0\u00bb text_align=\u00a0\u00bbcenter\u00a0\u00bb background_image_as_pattern=\u00a0\u00bbwithout_pattern\u00a0\u00bb padding_bottom=\u00a0\u00bb45&Prime; z_index=\u00a0\u00bb\u00a0\u00bb][vc_column offset=\u00a0\u00bbvc_col-lg-offset-2 vc_col-lg-8 vc_col-md-offset-1 vc_col-md-10&Prime;][vc_empty_space height=\u00a0\u00bb60px\u00a0\u00bb][vc_single_image image=\u00a0\u00bb15389&Prime; img_size=\u00a0\u00bbfull\u00a0\u00bb alignment=\u00a0\u00bbcenter\u00a0\u00bb qode_css_animation=\u00a0\u00bb\u00a0\u00bb][vc_separator type=\u00a0\u00bbtransparent\u00a0\u00bb up=\u00a0\u00bb23&Prime; down=\u00a0\u00bb0&Prime;][vc_column_text]<\/p>\n<h3 style=\"text-align: center;\">VERONICA GONZALEZ<\/h3>\n<p>[\/vc_column_text][vc_column_text]<\/p>\n<h3 style=\"text-align: center;\"><span style=\"color: #333333;\">TRADUCTEUR ET INTERPR\u00c8TE<\/span><\/h3>\n<p>[\/vc_column_text][vc_separator type=\u00a0\u00bbtransparent\u00a0\u00bb up=\u00a0\u00bb15&Prime; down=\u00a0\u00bb0&Prime;][vc_column_text]<\/p>\n<h4 style=\"text-align: center;\">Dipl\u00f4me et licence en traduction et interpr\u00e9tation de l&rsquo;universit\u00e9 de Grenade, licence en \u00e9tudes anglaises de l&rsquo;universit\u00e9 de Portsmouth et ma\u00eetrise en propri\u00e9t\u00e9 industrielle et intellectuelle de l&rsquo;universit\u00e9 d&rsquo;Alicante.<\/h4>\n<p>[\/vc_column_text][vc_separator type=\u00a0\u00bbtransparent\u00a0\u00bb up=\u00a0\u00bb15&Prime; down=\u00a0\u00bb0&Prime;][vc_column_text]J&rsquo;ai travaill\u00e9 comme traductrice interne dans une agence de traduction \u00e0 Londres pendant 4 ans, puis j&rsquo;ai effectu\u00e9 un stage en tant que traductrice \u00e0 la Commission europ\u00e9enne, avant de d\u00e9cider de cr\u00e9er une agence de traduction sp\u00e9cialis\u00e9e dans la propri\u00e9t\u00e9 industrielle (marques, brevets, dessins et mod\u00e8les, droits d&rsquo;auteur) dans la ville d&rsquo;Alicante, si\u00e8ge de l&rsquo;EUIPO (ex OHMI). En tant que sp\u00e9cialiste de la propri\u00e9t\u00e9 intellectuelle, je travaille comme traducteur asserment\u00e9 et interpr\u00e8te simultan\u00e9 et bilat\u00e9ral pour de nombreux cabinets sp\u00e9cialis\u00e9s nationaux et internationaux. J&rsquo;enseigne au Magister Lvcentinvs depuis 2001 et je suis collaborateur dans ce domaine.[\/vc_column_text][\/vc_column][\/vc_row][vc_row css_animation=\u00a0\u00bb\u00a0\u00bb row_type=\u00a0\u00bbrow\u00a0\u00bb use_row_as_full_screen_section=\u00a0\u00bbno\u00a0\u00bb type=\u00a0\u00bbgrid\u00a0\u00bb angled_section=\u00a0\u00bbno\u00a0\u00bb text_align=\u00a0\u00bbcenter\u00a0\u00bb background_image_as_pattern=\u00a0\u00bbwithout_pattern\u00a0\u00bb z_index=\u00a0\u00bb\u00a0\u00bb][vc_column][vc_row_inner row_type=\u00a0\u00bbrow\u00a0\u00bb type=\u00a0\u00bbfull_width\u00a0\u00bb text_align=\u00a0\u00bbcenter\u00a0\u00bb padding_top=\u00a0\u00bb105&Prime; padding_bottom=\u00a0\u00bb40&Prime; css_animation=\u00a0\u00bb\u00a0\u00bb][vc_column_inner width=\u00a0\u00bb1\/3&Prime;][vc_single_image image=\u00a0\u00bb15398&Prime; img_size=\u00a0\u00bbfull\u00a0\u00bb alignment=\u00a0\u00bbcenter\u00a0\u00bb qode_css_animation=\u00a0\u00bb\u00a0\u00bb][vc_separator type=\u00a0\u00bbnormal\u00a0\u00bb up=\u00a0\u00bb23&Prime; down=\u00a0\u00bb0&Prime;][vc_column_text]<\/p>\n<h5 style=\"text-align: center;\">Traductions asserment\u00e9es (officielles) de :<\/h5>\n<p>[\/vc_column_text][vc_separator type=\u00a0\u00bbsmall\u00a0\u00bb position=\u00a0\u00bbcenter\u00a0\u00bb color=\u00a0\u00bb#1275cc\u00a0\u00bb][vc_column_text]<\/p>\n<h5 style=\"text-align: center;\"><span style=\"color: #333333;\">a) DOCUMENTATION CIVILE<\/span><\/h5>\n<h5 style=\"text-align: center;\"><span style=\"color: #333333;\">b) DOCUMENTATION COMMERCIALE<\/span><\/h5>\n<h5 style=\"text-align: center;\"><span style=\"color: #333333;\">c) DOCUMENTATION SUR LA PROPRI\u00c9T\u00c9 INDUSTRIELLE<\/span><\/h5>\n<p>[\/vc_column_text][vc_separator type=\u00a0\u00bbtransparent\u00a0\u00bb up=\u00a0\u00bb50&Prime; down=\u00a0\u00bb0&Prime;][\/vc_column_inner][vc_column_inner width=\u00a0\u00bb1\/3&Prime;][vc_single_image image=\u00a0\u00bb15396&Prime; img_size=\u00a0\u00bbfull\u00a0\u00bb alignment=\u00a0\u00bbcenter\u00a0\u00bb qode_css_animation=\u00a0\u00bb\u00a0\u00bb][vc_separator type=\u00a0\u00bbtransparent\u00a0\u00bb up=\u00a0\u00bb23&Prime; down=\u00a0\u00bb0&Prime;][vc_column_text]<\/p>\n<h5 style=\"text-align: center;\">INTERPR\u00c9TATIONS<\/h5>\n<p>[\/vc_column_text][vc_separator type=\u00a0\u00bbsmall\u00a0\u00bb position=\u00a0\u00bbcenter\u00a0\u00bb color=\u00a0\u00bb#1275cc\u00a0\u00bb up=\u00a0\u00bb7&Prime; down=\u00a0\u00bb13&Prime;][vc_column_text]<\/p>\n<h5 style=\"text-align: center;\"><span style=\"color: #333333;\">SWORDS<\/span><\/h5>\n<h5 style=\"text-align: center;\"><span style=\"color: #333333;\">L&rsquo;ACCOMPAGNEMENT SOCIAL<\/span><\/h5>\n<h5 style=\"text-align: center;\"><span style=\"color: #333333;\">SIMULTAN\u00c9E OU EN CABINE<\/span><\/h5>\n<p>[\/vc_column_text][vc_separator type=\u00a0\u00bbtransparent\u00a0\u00bb up=\u00a0\u00bb50&Prime; down=\u00a0\u00bb0&Prime;]<a  itemprop=\"url\" href=\"services\/#exemples\" target=\"_self\"  class=\"qbutton  default\" style=\"\">Voir les exemples d&apos;interpr\u00e9tation<\/a>[\/vc_column_inner][vc_column_inner width=\u00a0\u00bb1\/3&Prime;][vc_single_image image=\u00a0\u00bb15397&Prime; img_size=\u00a0\u00bbfull\u00a0\u00bb alignment=\u00a0\u00bbcenter\u00a0\u00bb qode_css_animation=\u00a0\u00bb\u00a0\u00bb][vc_separator type=\u00a0\u00bbtransparent\u00a0\u00bb up=\u00a0\u00bb23&Prime; down=\u00a0\u00bb0&Prime;][vc_column_text]<\/p>\n<h5 style=\"text-align: center;\">TRADUCTIONS G\u00c9N\u00c9RALES et TECHNIQUES<\/h5>\n<p>[\/vc_column_text][vc_separator type=\u00a0\u00bbsmall\u00a0\u00bb position=\u00a0\u00bbcenter\u00a0\u00bb color=\u00a0\u00bb#1275cc\u00a0\u00bb up=\u00a0\u00bb7&Prime; down=\u00a0\u00bb13&Prime;][vc_column_text]<\/p>\n<h5 style=\"text-align: center;\"><span style=\"color: #333333;\">BROCHURES ET CATALOGUES D&rsquo;ENTREPRISE<\/span><\/h5>\n<h5 style=\"text-align: center;\"><span style=\"color: #333333;\">SITES WEB D&rsquo;ENTREPRISES<\/span><\/h5>\n<h5 style=\"text-align: center;\"><span style=\"color: #333333;\">LES RAPPORTS M\u00c9DICAUX&#8230;<\/span><\/h5>\n<p>[\/vc_column_text][vc_separator type=\u00a0\u00bbtransparent\u00a0\u00bb up=\u00a0\u00bb50&Prime; down=\u00a0\u00bb0&Prime;][\/vc_column_inner][\/vc_row_inner][\/vc_column][\/vc_row][vc_row css_animation=\u00a0\u00bb\u00a0\u00bb row_type=\u00a0\u00bbrow\u00a0\u00bb use_row_as_full_screen_section=\u00a0\u00bbno\u00a0\u00bb type=\u00a0\u00bbfull_width\u00a0\u00bb angled_section=\u00a0\u00bbno\u00a0\u00bb text_align=\u00a0\u00bbleft\u00a0\u00bb background_image_as_pattern=\u00a0\u00bbwithout_pattern\u00a0\u00bb][vc_column][vc_separator type=\u00a0\u00bbnormal\u00a0\u00bb up=\u00a0\u00bb0&Prime; down=\u00a0\u00bb0&Prime;][\/vc_column][\/vc_row][vc_row row_type=\u00a0\u00bbparallax\u00a0\u00bb parallax_content_width=\u00a0\u00bbin_grid\u00a0\u00bb text_align=\u00a0\u00bbcenter\u00a0\u00bb background_image=\u00a0\u00bb15506&Prime; full_screen_section_height=\u00a0\u00bbno\u00a0\u00bb section_height=\u00a0\u00bb435&Prime; parallax_speed=\u00a0\u00bb0&Prime;][vc_column][vc_row_inner row_type=\u00a0\u00bbrow\u00a0\u00bb type=\u00a0\u00bbgrid\u00a0\u00bb text_align=\u00a0\u00bbcenter\u00a0\u00bb padding_top=\u00a0\u00bb70&Prime; padding_bottom=\u00a0\u00bb70&Prime; css_animation=\u00a0\u00bb\u00a0\u00bb][vc_column_inner][vc_single_image image=\u00a0\u00bb15403&Prime; img_size=\u00a0\u00bbfull\u00a0\u00bb alignment=\u00a0\u00bbcenter\u00a0\u00bb qode_css_animation=\u00a0\u00bb\u00a0\u00bb][vc_separator type=\u00a0\u00bbtransparent\u00a0\u00bb up=\u00a0\u00bb15&Prime; down=\u00a0\u00bb0&Prime;][vc_column_text]<\/p>\n<h3 style=\"text-align: center;\"><span style=\"color: #ffffff;\">TESTIMONIALES<\/span><\/h3>\n<p>[\/vc_column_text][vc_separator type=\u00a0\u00bbtransparent\u00a0\u00bb up=\u00a0\u00bb15&Prime; down=\u00a0\u00bb0&Prime;]<div class='testimonials_holder clearfix light'><div class=\"testimonials testimonials_carousel\" data-show-navigation=\"yes\" data-animation-type=\"fade\" data-animation-speed=\"1000\" data-auto-rotate-slides=\"15\" data-number-per-slide=\"1\"><ul class=\"slides\">Sorry, no posts matched your criteria.<\/ul><\/div><\/div>[\/vc_column_inner][\/vc_row_inner][\/vc_column][\/vc_row][vc_row css_animation=\u00a0\u00bb\u00a0\u00bb row_type=\u00a0\u00bbrow\u00a0\u00bb use_row_as_full_screen_section=\u00a0\u00bbno\u00a0\u00bb type=\u00a0\u00bbfull_width\u00a0\u00bb angled_section=\u00a0\u00bbno\u00a0\u00bb text_align=\u00a0\u00bbleft\u00a0\u00bb background_image_as_pattern=\u00a0\u00bbwithout_pattern\u00a0\u00bb][vc_column][vc_empty_space][vc_single_image image=\u00a0\u00bb15389&Prime; img_size=\u00a0\u00bbfull\u00a0\u00bb alignment=\u00a0\u00bbcenter\u00a0\u00bb qode_css_animation=\u00a0\u00bb\u00a0\u00bb][vc_column_text]<\/p>\n<h3 style=\"text-align: center;\">REVUE<\/h3>\n<p>[\/vc_column_text][vc_empty_space height=\u00a0\u00bb20px\u00a0\u00bb][vc_column_text]<\/p>\n<p style=\"text-align: center; font-size: 110%;\">Que pensent les clients de mon travail d&rsquo;interpr\u00e9tation et de traduction ?<br \/>\n<strong><a href=\"https:\/\/www.google.es\/search?q=trayma&amp;oq=tra&amp;aqs=chrome.0.69i59j0j69i60l2j69i57j69i60.1183j0j8&amp;sourceid=chrome&amp;ie=UTF-8#lrd=0xd6237aca3b11a45:0x2f8666c4b37edcdb,1,,\" target=\"_blank\" rel=\"noopener\">Avis de Google<\/a><\/strong><\/p>\n<p>[\/vc_column_text][\/vc_column][\/vc_row][vc_row css_animation=\u00a0\u00bb\u00a0\u00bb row_type=\u00a0\u00bbrow\u00a0\u00bb use_row_as_full_screen_section=\u00a0\u00bbno\u00a0\u00bb type=\u00a0\u00bbgrid\u00a0\u00bb angled_section=\u00a0\u00bbno\u00a0\u00bb text_align=\u00a0\u00bbcenter\u00a0\u00bb background_image_as_pattern=\u00a0\u00bbwithout_pattern\u00a0\u00bb padding_top=\u00a0\u00bb30&Prime; padding_bottom=\u00a0\u00bb10&Prime; z_index=\u00a0\u00bb\u00a0\u00bb][vc_column offset=\u00a0\u00bbvc_col-lg-offset-2 vc_col-lg-8 vc_col-md-offset-1 vc_col-md-10&Prime;][vc_empty_space][vc_single_image image=\u00a0\u00bb15389&Prime; img_size=\u00a0\u00bbfull\u00a0\u00bb alignment=\u00a0\u00bbcenter\u00a0\u00bb qode_css_animation=\u00a0\u00bb\u00a0\u00bb][vc_separator type=\u00a0\u00bbtransparent\u00a0\u00bb up=\u00a0\u00bb23&Prime; down=\u00a0\u00bb0&Prime;][vc_column_text]<\/p>\n<h3 style=\"text-align: center;\">CERTAINS CLIENTS<\/h3>\n<p>[\/vc_column_text][\/vc_column][\/vc_row][vc_row css_animation=\u00a0\u00bb\u00a0\u00bb row_type=\u00a0\u00bbrow\u00a0\u00bb use_row_as_full_screen_section=\u00a0\u00bbno\u00a0\u00bb type=\u00a0\u00bbfull_width\u00a0\u00bb angled_section=\u00a0\u00bbno\u00a0\u00bb text_align=\u00a0\u00bbleft\u00a0\u00bb background_image_as_pattern=\u00a0\u00bbwithout_pattern\u00a0\u00bb][vc_column][qode_clients columns=\u00a0\u00bbsix_columns\u00a0\u00bb hover_effect=\u00a0\u00bbswitch_img\u00a0\u00bb switch_effect=\u00a0\u00bbswitch_roll\u00a0\u00bb disable_separators=\u00a0\u00bbyes\u00a0\u00bb][qode_client image=\u00a0\u00bb15438&Prime;][qode_client][qode_client image=\u00a0\u00bb15437&Prime;][qode_client image=\u00a0\u00bb15436&Prime;][qode_client image=\u00a0\u00bb15435&Prime;][qode_client image=\u00a0\u00bb15434&Prime;][qode_client image=\u00a0\u00bb15433&Prime;][qode_client image=\u00a0\u00bb15432&Prime;][qode_client image=\u00a0\u00bb15430&Prime;][qode_client image=\u00a0\u00bb15428&Prime;][qode_client image=\u00a0\u00bb15429&Prime;][qode_client image=\u00a0\u00bb15426&Prime;][qode_client image=\u00a0\u00bb15427&Prime;][\/qode_clients][\/vc_column][\/vc_row]<\/p>\n","protected":false},"excerpt":{"rendered":"<p>[vc_row css_animation=\u00a0\u00bb\u00a0\u00bb row_type=\u00a0\u00bbrow\u00a0\u00bb use_row_as_full_screen_section=\u00a0\u00bbno\u00a0\u00bb type=\u00a0\u00bbgrid\u00a0\u00bb angled_section=\u00a0\u00bbno\u00a0\u00bb text_align=\u00a0\u00bbcenter\u00a0\u00bb background_image_as_pattern=\u00a0\u00bbwithout_pattern\u00a0\u00bb padding_bottom=\u00a0\u00bb45&Prime; z_index=\u00a0\u00bb\u00a0\u00bb][vc_column offset=\u00a0\u00bbvc_col-lg-offset-2 vc_col-lg-8 vc_col-md-offset-1 vc_col-md-10&Prime;][vc_empty_space height=\u00a0\u00bb60px\u00a0\u00bb][vc_single_image image=\u00a0\u00bb15389&Prime; img_size=\u00a0\u00bbfull\u00a0\u00bb alignment=\u00a0\u00bbcenter\u00a0\u00bb qode_css_animation=\u00a0\u00bb\u00a0\u00bb][vc_separator type=\u00a0\u00bbtransparent\u00a0\u00bb up=\u00a0\u00bb23&Prime; down=\u00a0\u00bb0&Prime;][vc_column_text] VERONICA GONZALEZ [\/vc_column_text][vc_column_text] TRADUCTEUR ET INTERPR\u00c8TE [\/vc_column_text][vc_separator type=\u00a0\u00bbtransparent\u00a0\u00bb up=\u00a0\u00bb15&Prime; down=\u00a0\u00bb0&Prime;][vc_column_text] Dipl\u00f4me et licence en traduction et interpr\u00e9tation de l&rsquo;universit\u00e9 de Grenade, licence en&#8230;<\/p>\n","protected":false},"author":2,"featured_media":0,"parent":0,"menu_order":0,"comment_status":"open","ping_status":"closed","template":"full_width.php","meta":{"footnotes":""},"class_list":["post-16711","page","type-page","status-publish","hentry"],"_links":{"self":[{"href":"https:\/\/www.traductorainterprete.com\/fr\/wp-json\/wp\/v2\/pages\/16711","targetHints":{"allow":["GET"]}}],"collection":[{"href":"https:\/\/www.traductorainterprete.com\/fr\/wp-json\/wp\/v2\/pages"}],"about":[{"href":"https:\/\/www.traductorainterprete.com\/fr\/wp-json\/wp\/v2\/types\/page"}],"author":[{"embeddable":true,"href":"https:\/\/www.traductorainterprete.com\/fr\/wp-json\/wp\/v2\/users\/2"}],"replies":[{"embeddable":true,"href":"https:\/\/www.traductorainterprete.com\/fr\/wp-json\/wp\/v2\/comments?post=16711"}],"version-history":[{"count":5,"href":"https:\/\/www.traductorainterprete.com\/fr\/wp-json\/wp\/v2\/pages\/16711\/revisions"}],"predecessor-version":[{"id":16716,"href":"https:\/\/www.traductorainterprete.com\/fr\/wp-json\/wp\/v2\/pages\/16711\/revisions\/16716"}],"wp:attachment":[{"href":"https:\/\/www.traductorainterprete.com\/fr\/wp-json\/wp\/v2\/media?parent=16711"}],"curies":[{"name":"wp","href":"https:\/\/api.w.org\/{rel}","templated":true}]}}